{"id":3291,"date":"2024-12-12T12:33:08","date_gmt":"2024-12-12T11:33:08","guid":{"rendered":"https:\/\/anelsrb.com\/prodavnica\/?post_type=product&#038;p=3291"},"modified":"2025-11-10T13:58:07","modified_gmt":"2025-11-10T12:58:07","slug":"power-bank-baterija-starter-ce-js-8","status":"publish","type":"product","link":"https:\/\/anelsrb.com\/prodavnica\/product\/power-bank-baterija-starter-ce-js-8\/","title":{"rendered":"EINHELL Power bank baterija\/starter CE-JS 8"},"content":{"rendered":"<p>Einhell CE-JS 8 Power Bank baterija\/starter je kompaktna, zgodna stanica za startovanje i obezbe\u0111enje energije koju je dobro imati u automobilu i kada ste u pokretu. Sa jednom jedinicom, mo\u017eete da pokrenete automobil kada je baterija ispra\u017enjena a tako\u0111e mo\u017eete brzo i lako napuniti mobilne telefone, laptopove, fotoaparate, itd. Litijum-polimerna baterija visokog kapaciteta od 3 x 2500 mAh (ra\u010dunski) obezbe\u0111uje svu potrebnu snagu. Status punjenja je prikazan na LED displeju. LED radna lampica na maloj jedinici je stalno uklju\u010dena, stroboskop i SOS signal za razne hitne situacije tako\u0111e mo\u017ee biti veoma zgodan za kori\u0161c\u0301enje. Prenosiva Power Bank ima 5V \/ 2A USB i izlaz za brzo punjenje \u0161to olak\u0161ava punjenje raznih ure\u0111aja. Uklju\u010deni su i kratkospojni kablovi sa potpuno izolovanim terminalnim stezaljkama i za\u0161titom od preopterec\u0301enja za povezivanje sa Power Bank, kabl za brzo punjenje (USB adapter kablom) za punjenje energetske stanice i prakti\u010dni za\u0161titni kofer za skladi\u0161tenje.<\/p>\n<div class=\"content-item module-headline-paragraph headline paragraph -color-headline-black\">\n<h2 class=\"heading delta\">Tehni\u010dke specifikacije<\/h2>\n<\/div>\n<div class=\"content-item module-table -styling-beta\">\n<table class=\"table__table\">\n<tbody>\n<tr class=\"-show tr-odd\">\n<td><span class=\"bold\">Startni napon<\/span><\/td>\n<td>12 V<\/td>\n<\/tr>\n<tr class=\"-show tr-even\">\n<td><span class=\"bold\">Pik struje<\/span><\/td>\n<td>400 A<\/td>\n<\/tr>\n<tr class=\"-show tr-odd\">\n<td><span class=\"bold\">Startna struja<\/span><\/td>\n<td>200 A &#8211; 5 sec<\/td>\n<\/tr>\n<tr class=\"-show tr-even\">\n<td><span class=\"bold\">USB izlaz<\/span><\/td>\n<td>5 V | 2 A<\/td>\n<\/tr>\n<tr class=\"-show tr-odd\">\n<td><span class=\"bold\">LiPo-baterija (Wh)<\/span><\/td>\n<td>27.75<\/td>\n<\/tr>\n<\/tbody>\n<\/table>\n<\/div>\n","protected":false},"excerpt":{"rendered":"<div class=\"information__meta\"><span class=\"meta\"><span class=\"bold\">\u0160ifra artikla:\u00a0<\/span><span class=\"data-point-itemno\">1091511<\/span><\/span><span class=\"meta\"><span class=\"bold\">\u00a0EAN:\u00a0<\/span>4006825626339<\/span><\/div>\n<div class=\"information__content -standard-list\">\n<ul>\n<li class=\" meta\">Kompaktnan starter i izvor napajanja<\/li>\n<li class=\" meta\">Litijum-polimer baterija velikog kapaciteta 3 x 2500 mAh<\/li>\n<li class=\" meta\">LED pokazatelj statusa<\/li>\n<li class=\" meta\">LED radno svetlo (stalno uklju\u010deno, stroboskop i SOS signal)<\/li>\n<li class=\" meta\">12V\/200A funkcija brzog startovanja za prazne\/ispra\u017enjene akumulatore<\/li>\n<li class=\"-marked meta\">Povremeno paljenje motora do 3,000 ccm<\/li>\n<li class=\"-marked meta\">Kablovi za paljenje sa izolovanim \u0161tipaljkama i za\u0161titom od preoptere\u0107enja<\/li>\n<li class=\"-marked meta\">Prenosivo napajanje za punjenje mobilnih telefona, tableta, fotoaparata.<\/li>\n<li class=\"-marked meta\">USB 5V \/ 2A i izlaz za brzo punjenje<\/li>\n<li class=\"-marked meta\">Uklju\u010duju\u0107i USB kabl-adapter (Micro\/Mini USB)<\/li>\n<li class=\"-marked meta\">Uklju\u010duje kabl za brzo punjenje (USB kabl)<\/li>\n<li class=\"-marked meta\">Isporu\u010duje se u prakti\u010dnom za\u0161titnom pakovanju<\/li>\n<\/ul>\n<\/div>\n","protected":false},"featured_media":3300,"comment_status":"open","ping_status":"closed","template":"","meta":{"site-sidebar-layout":"default","site-content-layout":"","ast-site-content-layout":"default","site-content-style":"default","site-sidebar-style":"default","ast-global-header-display":"","ast-banner-title-visibility":"","ast-main-header-display":"","ast-hfb-above-header-display":"","ast-hfb-below-header-display":"","ast-hfb-mobile-header-display":"","site-post-title":"","ast-breadcrumbs-content":"","ast-featured-img":"","footer-sml-layout":"","ast-disable-related-posts":"","theme-transparent-header-meta":"default","adv-header-id-meta":"","stick-header-meta":"","header-above-stick-meta":"","header-main-stick-meta":"","header-below-stick-meta":"","astra-migrate-meta-layouts":"set","ast-page-background-enabled":"default","ast-page-background-meta":{"desktop":{"background-color":"var(--ast-global-color-4)","background-image":"","background-repeat":"repeat","background-position":"center center","background-size":"auto","background-attachment":"scroll","background-type":"","background-media":"","overlay-type":"","overlay-color":"","overlay-opacity":"","overlay-gradient":""},"tablet":{"background-color":"","background-image":"","background-repeat":"repeat","background-position":"center center","background-size":"auto","background-attachment":"scroll","background-type":"","background-media":"","overlay-type":"","overlay-color":"","overlay-opacity":"","overlay-gradient":""},"mobile":{"background-color":"","background-image":"","background-repeat":"repeat","background-position":"center center","background-size":"auto","background-attachment":"scroll","background-type":"","background-media":"","overlay-type":"","overlay-color":"","overlay-opacity":"","overlay-gradient":""}},"ast-content-background-meta":{"desktop":{"background-color":"var(--ast-global-color-5)","background-image":"","background-repeat":"repeat","background-position":"center center","background-size":"auto","background-attachment":"scroll","background-type":"","background-media":"","overlay-type":"","overlay-color":"","overlay-opacity":"","overlay-gradient":""},"tablet":{"background-color":"var(--ast-global-color-5)","background-image":"","background-repeat":"repeat","background-position":"center center","background-size":"auto","background-attachment":"scroll","background-type":"","background-media":"","overlay-type":"","overlay-color":"","overlay-opacity":"","overlay-gradient":""},"mobile":{"background-color":"var(--ast-global-color-5)","background-image":"","background-repeat":"repeat","background-position":"center center","background-size":"auto","background-attachment":"scroll","background-type":"","background-media":"","overlay-type":"","overlay-color":"","overlay-opacity":"","overlay-gradient":""}}},"product_brand":[],"product_cat":[129],"product_tag":[],"class_list":{"0":"post-3291","1":"product","2":"type-product","3":"status-publish","4":"has-post-thumbnail","6":"product_cat-masine-i-oprema-opste-namene","7":"desktop-align-center","8":"tablet-align-left","9":"mobile-align-left","11":"first","12":"instock","13":"shipping-taxable","14":"purchasable","15":"product-type-simple","16":"add-to-wishlist-after_add_to_cart"},"_links":{"self":[{"href":"https:\/\/anelsrb.com\/prodavnica\/wp-json\/wp\/v2\/product\/3291","targetHints":{"allow":["GET"]}}],"collection":[{"href":"https:\/\/anelsrb.com\/prodavnica\/wp-json\/wp\/v2\/product"}],"about":[{"href":"https:\/\/anelsrb.com\/prodavnica\/wp-json\/wp\/v2\/types\/product"}],"replies":[{"embeddable":true,"href":"https:\/\/anelsrb.com\/prodavnica\/wp-json\/wp\/v2\/comments?post=3291"}],"wp:featuredmedia":[{"embeddable":true,"href":"https:\/\/anelsrb.com\/prodavnica\/wp-json\/wp\/v2\/media\/3300"}],"wp:attachment":[{"href":"https:\/\/anelsrb.com\/prodavnica\/wp-json\/wp\/v2\/media?parent=3291"}],"wp:term":[{"taxonomy":"product_brand","embeddable":true,"href":"https:\/\/anelsrb.com\/prodavnica\/wp-json\/wp\/v2\/product_brand?post=3291"},{"taxonomy":"product_cat","embeddable":true,"href":"https:\/\/anelsrb.com\/prodavnica\/wp-json\/wp\/v2\/product_cat?post=3291"},{"taxonomy":"product_tag","embeddable":true,"href":"https:\/\/anelsrb.com\/prodavnica\/wp-json\/wp\/v2\/product_tag?post=3291"}],"curies":[{"name":"wp","href":"https:\/\/api.w.org\/{rel}","templated":true}]}}