{"id":3301,"date":"2024-12-12T12:49:45","date_gmt":"2024-12-12T11:49:45","guid":{"rendered":"https:\/\/anelsrb.com\/prodavnica\/?post_type=product&#038;p=3301"},"modified":"2025-11-10T13:47:16","modified_gmt":"2025-11-10T12:47:16","slug":"elektricna-dizalica-tc-eh-250","status":"publish","type":"product","link":"https:\/\/anelsrb.com\/prodavnica\/product\/elektricna-dizalica-tc-eh-250\/","title":{"rendered":"EINHELL Elektri\u010dna dizalica TC-EH 250"},"content":{"rendered":"<p>Elektri\u010dna dizalica TC-EH 250 omoguc\u0301ava sigurno podizanje tereta svuda u kuc\u0301i, ba\u0161ti i radionici, jednostavnim pritiskom na prekida\u010d. Sa svojim brojnim karakteristikama, ova dizalica sa sajlama predstavlja najsavremeniju opremu. \u017di\u010dani kabl od 12 metara sa popre\u010dnim presekom od 3 mm mo\u017ee se koristiti s vo\u0111kcom i kukom za utovar kako bi se podiglo maksimalno opterec\u0301enje od 250 kg na visinu od 5,7 m. Bez valjka za navo\u0111enje maksimalno opterec\u0301enje je prepolovljeno, ali je visina podizanja povec\u0301ana na 11,5 m. BT-EH 250 dolazi sa brojnim sigurnosnim karakteristikama. Potpuno izolovani ON prekida\u010d ima funkciju za isklju\u010divanje u nu\u017edi koja odmah zaustavlja dizalicu. Robusni motor je za\u0161tic\u0301en od pregrejavanja termostatskim prekida\u010dem. \u017di\u010dani kabl bez uvrtanja spre\u010dava obrtanje tereta tokom podizanja. Sigurnosni zatvara\u010d na kuki za opterec\u0301enje spre\u010dava nenamerno padanje tereta, dok je automatska ko\u010dnica spremna da osigura teret u bilo kojem polo\u017eaju. Za pouzdano isklju\u010divanje u krajnjem polo\u017eaju postoji pozitivno aktiviran, automatski grani\u010dni prekida\u010d. Dve duple stege su predvi\u0111ene za pri\u010dvr\u0161c\u0301ivanje dizalice. Posebno dostupna za TC-EH 250 postoji odgovarajuc\u0301a okretna konzola za podizanje tereta na vi\u0161im nivoima i podovima u vi\u0161espratnim zgradama.<\/p>\n<div class=\"content-item module-headline-paragraph headline paragraph -color-headline-black\">\n<h2 class=\"heading delta\">Tehni\u010dke specifikacije<\/h2>\n<\/div>\n<div class=\"content-item module-table -styling-beta\">\n<table class=\"table__table\">\n<tbody>\n<tr class=\"-show tr-odd\">\n<td><span class=\"bold\">Napajanje<\/span><\/td>\n<td>230 V | 50 Hz<\/td>\n<\/tr>\n<tr class=\"-show tr-even\">\n<td><span class=\"bold\">Maks. Snaga (S3 | S3%)<\/span><\/td>\n<td>500 W | 20 %<\/td>\n<\/tr>\n<tr class=\"-show tr-odd\">\n<td><span class=\"bold\">Nosivost bez povrtnog kotura<\/span><\/td>\n<td>125 kg<\/td>\n<\/tr>\n<tr class=\"-show tr-even\">\n<td><span class=\"bold\">Nosivost sa povratnim koturom<\/span><\/td>\n<td>250 kg<\/td>\n<\/tr>\n<tr class=\"-show tr-odd\">\n<td><span class=\"bold\">Visina podizanja bez povratnog kotura<\/span><\/td>\n<td>11.5 m<\/td>\n<\/tr>\n<tr class=\"-show tr-even\">\n<td><span class=\"bold\">Visina podizanja sa povratnim koturom<\/span><\/td>\n<td>5.7 m<\/td>\n<\/tr>\n<tr class=\"-show tr-odd\">\n<td><span class=\"bold\">Brzina podizanja bez povratnog kotura<\/span><\/td>\n<td>8 m\/min<\/td>\n<\/tr>\n<tr class=\"-show tr-even\">\n<td><span class=\"bold\">Brzina podizanja sa povratnim koturom<\/span><\/td>\n<td>4 m\/min<\/td>\n<\/tr>\n<\/tbody>\n<\/table>\n<\/div>\n","protected":false},"excerpt":{"rendered":"<div class=\"information__meta\"><span class=\"meta\"><span class=\"bold\">\u0160ifra artikla:\u00a0<\/span><span class=\"data-point-itemno\">2255130<\/span><\/span><span class=\"meta\"><span class=\"bold\">\u00a0EAN:\u00a0<\/span>4006825627183<\/span><\/div>\n<div class=\"information__content -standard-list\">\n<ul>\n<li class=\" meta\">12 m kabl (bez uvrtanja, \u00d8 3,0 mm)<\/li>\n<li class=\" meta\">Vodec\u0301i valjak sa kukom za teret<\/li>\n<li class=\" meta\">Prekida\u010d sa funkcijom za zaustavljanje u slu\u010daju nu\u017ede<\/li>\n<li class=\" meta\">Motor sa termo prekida\u010dem<\/li>\n<li class=\" meta\">Kuka za teret sa sigurnosnom kukom<\/li>\n<li class=\"-marked meta\">Automatska ko\u010dnica osigurava teret u svakom polo\u017eaju<\/li>\n<li class=\"-marked meta\">Automatsko isklju\u010divanje<\/li>\n<li class=\"-marked meta\">Pri\u010dvr\u0161c\u0301ivanje sa dve duple stege<\/li>\n<\/ul>\n<\/div>\n","protected":false},"featured_media":3309,"comment_status":"open","ping_status":"closed","template":"","meta":{"site-sidebar-layout":"default","site-content-layout":"","ast-site-content-layout":"default","site-content-style":"default","site-sidebar-style":"default","ast-global-header-display":"","ast-banner-title-visibility":"","ast-main-header-display":"","ast-hfb-above-header-display":"","ast-hfb-below-header-display":"","ast-hfb-mobile-header-display":"","site-post-title":"","ast-breadcrumbs-content":"","ast-featured-img":"","footer-sml-layout":"","ast-disable-related-posts":"","theme-transparent-header-meta":"default","adv-header-id-meta":"","stick-header-meta":"","header-above-stick-meta":"","header-main-stick-meta":"","header-below-stick-meta":"","astra-migrate-meta-layouts":"set","ast-page-background-enabled":"default","ast-page-background-meta":{"desktop":{"background-color":"var(--ast-global-color-4)","background-image":"","background-repeat":"repeat","background-position":"center center","background-size":"auto","background-attachment":"scroll","background-type":"","background-media":"","overlay-type":"","overlay-color":"","overlay-opacity":"","overlay-gradient":""},"tablet":{"background-color":"","background-image":"","background-repeat":"repeat","background-position":"center center","background-size":"auto","background-attachment":"scroll","background-type":"","background-media":"","overlay-type":"","overlay-color":"","overlay-opacity":"","overlay-gradient":""},"mobile":{"background-color":"","background-image":"","background-repeat":"repeat","background-position":"center center","background-size":"auto","background-attachment":"scroll","background-type":"","background-media":"","overlay-type":"","overlay-color":"","overlay-opacity":"","overlay-gradient":""}},"ast-content-background-meta":{"desktop":{"background-color":"var(--ast-global-color-5)","background-image":"","background-repeat":"repeat","background-position":"center center","background-size":"auto","background-attachment":"scroll","background-type":"","background-media":"","overlay-type":"","overlay-color":"","overlay-opacity":"","overlay-gradient":""},"tablet":{"background-color":"var(--ast-global-color-5)","background-image":"","background-repeat":"repeat","background-position":"center center","background-size":"auto","background-attachment":"scroll","background-type":"","background-media":"","overlay-type":"","overlay-color":"","overlay-opacity":"","overlay-gradient":""},"mobile":{"background-color":"var(--ast-global-color-5)","background-image":"","background-repeat":"repeat","background-position":"center center","background-size":"auto","background-attachment":"scroll","background-type":"","background-media":"","overlay-type":"","overlay-color":"","overlay-opacity":"","overlay-gradient":""}}},"product_brand":[],"product_cat":[129,64],"product_tag":[],"class_list":{"0":"post-3301","1":"product","2":"type-product","3":"status-publish","4":"has-post-thumbnail","6":"product_cat-masine-i-oprema-opste-namene","7":"product_cat-za-pcelarsku-radionicu","8":"desktop-align-center","9":"tablet-align-left","10":"mobile-align-left","12":"first","13":"instock","14":"shipping-taxable","15":"purchasable","16":"product-type-simple","17":"add-to-wishlist-after_add_to_cart"},"_links":{"self":[{"href":"https:\/\/anelsrb.com\/prodavnica\/wp-json\/wp\/v2\/product\/3301","targetHints":{"allow":["GET"]}}],"collection":[{"href":"https:\/\/anelsrb.com\/prodavnica\/wp-json\/wp\/v2\/product"}],"about":[{"href":"https:\/\/anelsrb.com\/prodavnica\/wp-json\/wp\/v2\/types\/product"}],"replies":[{"embeddable":true,"href":"https:\/\/anelsrb.com\/prodavnica\/wp-json\/wp\/v2\/comments?post=3301"}],"wp:featuredmedia":[{"embeddable":true,"href":"https:\/\/anelsrb.com\/prodavnica\/wp-json\/wp\/v2\/media\/3309"}],"wp:attachment":[{"href":"https:\/\/anelsrb.com\/prodavnica\/wp-json\/wp\/v2\/media?parent=3301"}],"wp:term":[{"taxonomy":"product_brand","embeddable":true,"href":"https:\/\/anelsrb.com\/prodavnica\/wp-json\/wp\/v2\/product_brand?post=3301"},{"taxonomy":"product_cat","embeddable":true,"href":"https:\/\/anelsrb.com\/prodavnica\/wp-json\/wp\/v2\/product_cat?post=3301"},{"taxonomy":"product_tag","embeddable":true,"href":"https:\/\/anelsrb.com\/prodavnica\/wp-json\/wp\/v2\/product_tag?post=3301"}],"curies":[{"name":"wp","href":"https:\/\/api.w.org\/{rel}","templated":true}]}}