{"id":3310,"date":"2024-12-12T13:06:41","date_gmt":"2024-12-12T12:06:41","guid":{"rendered":"https:\/\/anelsrb.com\/prodavnica\/?post_type=product&#038;p=3310"},"modified":"2025-11-10T13:44:33","modified_gmt":"2025-11-10T12:44:33","slug":"agregat-za-struju-benzin-tc-pg-10-e5","status":"publish","type":"product","link":"https:\/\/anelsrb.com\/prodavnica\/product\/agregat-za-struju-benzin-tc-pg-10-e5\/","title":{"rendered":"EINHELL Agregat za struju (benzin) TC-PG 10\/E5"},"content":{"rendered":"<p>Einhell TC-PG 10\/E5 (benzinski) agregat za struju pokre\u0107e sna\u017ean, robustan i \u010dist dvotaktni motor i isporu\u010duje kontinuiranu snagu od 680 W: Idealan je za sva mesta gde je potrebno generisanje struje nezavisno od napajanja: u ba\u0161ti, na gradili\u0161tu, na kampovanju, u radionici i gara\u017ei, kao i tokom odmora. Elektri\u010dna energija se isporu\u010duje preko standardne uti\u010dnice od 230 V na koju se mogu povezati svi ure\u0111aji, kao \u0161to su lampe, alati, ba\u0161tenski ili kuhinjski ure\u0111aji. Ovaj Einhell agregat ima potporni okvir za za\u0161titu ure\u0111aja i jednostavan transport, kao i stabilne stope koje osiguravaju da stoji \u010dvrsto i sigurno tokom rada. Za za\u0161titu generatora i povezanih ure\u0111aja, postoji prekida\u010d. Pokretanje ovog agregata je sasvim jednostavno uz pomo\u0107 povla\u010denja kabla.<\/p>\n<div class=\"content-item module-headline-paragraph headline paragraph -color-headline-black\">\n<h2 class=\"heading delta\">Tehni\u010dke specifikacije<\/h2>\n<\/div>\n<div class=\"content-item module-table -styling-beta\">\n<table class=\"table__table\">\n<tbody>\n<tr class=\"-show tr-odd\">\n<td><span class=\"bold\">Tip generatora<\/span><\/td>\n<td>Synchronous<\/td>\n<\/tr>\n<tr class=\"-show tr-even\">\n<td><span class=\"bold\">Frekvencija<\/span><\/td>\n<td>50 Hz<\/td>\n<\/tr>\n<tr class=\"-show tr-odd\">\n<td><span class=\"bold\">230 V uti\u010dnica<\/span><\/td>\n<td>1 Pieces<\/td>\n<\/tr>\n<tr class=\"-show tr-even\">\n<td><span class=\"bold\">Motor<\/span><\/td>\n<td>two-stroke, air cooled<\/td>\n<\/tr>\n<tr class=\"-show tr-odd\">\n<td><span class=\"bold\">Zapremina motora<\/span><\/td>\n<td>63.5 cm\u00b3<\/td>\n<\/tr>\n<tr class=\"-show tr-even\">\n<td><span class=\"bold\">Brzina motora<\/span><\/td>\n<td>3000 min^-1<\/td>\n<\/tr>\n<tr class=\"-show tr-odd\">\n<td><span class=\"bold\">Gorivo<\/span><\/td>\n<td>Mixture<\/td>\n<\/tr>\n<tr class=\"-show tr-even\">\n<td><span class=\"bold\">Kapacitet rezervoara za gorivo<\/span><\/td>\n<td>4 L<\/td>\n<\/tr>\n<tr class=\"-show tr-odd\">\n<td><span class=\"bold\">Vreme rada pri 2\/3 optere\u0107enja<\/span><\/td>\n<td>6.6 h<\/td>\n<\/tr>\n<tr class=\"-show tr-even\">\n<td><span class=\"bold\">Nivo snage zvuka LWA<\/span><\/td>\n<td>90 dB (A)<\/td>\n<\/tr>\n<\/tbody>\n<\/table>\n<\/div>\n","protected":false},"excerpt":{"rendered":"<div class=\"information__meta\"><span class=\"meta\"><span class=\"bold\">\u0160ifra artikla:\u00a0<\/span><span class=\"data-point-itemno\">4152535<\/span><\/span><span class=\"meta\"><span class=\"bold\">\u00a0EAN:\u00a0<\/span>4006825648027<\/span><\/div>\n<div class=\"information__content -standard-list\">\n<ul>\n<li class=\" meta\">Sna\u017ean, robustan i \u010dist dvotaktni motor<\/li>\n<li class=\" meta\">Jedna uti\u010dnica od 230 V preko koje se korisnik snabdeva strujom<\/li>\n<li class=\" meta\">Nosec\u0301i okvir za za\u0161titu ure\u0111aja i lak transport<\/li>\n<li class=\" meta\">Stabilne stope za bezbedno stajanje tokom rada<\/li>\n<li class=\" meta\">Prekida\u010d za preopterec\u0301enje \u0161titi uti\u010dnicu u slu\u010daju preoptere\u0107enja<\/li>\n<li class=\"-marked meta\">Kabl za povla\u010denje je jednostavan za upotrebu<\/li>\n<\/ul>\n<\/div>\n","protected":false},"featured_media":3317,"comment_status":"open","ping_status":"closed","template":"","meta":{"site-sidebar-layout":"default","site-content-layout":"","ast-site-content-layout":"default","site-content-style":"default","site-sidebar-style":"default","ast-global-header-display":"","ast-banner-title-visibility":"","ast-main-header-display":"","ast-hfb-above-header-display":"","ast-hfb-below-header-display":"","ast-hfb-mobile-header-display":"","site-post-title":"","ast-breadcrumbs-content":"","ast-featured-img":"","footer-sml-layout":"","ast-disable-related-posts":"","theme-transparent-header-meta":"default","adv-header-id-meta":"","stick-header-meta":"","header-above-stick-meta":"","header-main-stick-meta":"","header-below-stick-meta":"","astra-migrate-meta-layouts":"set","ast-page-background-enabled":"default","ast-page-background-meta":{"desktop":{"background-color":"var(--ast-global-color-4)","background-image":"","background-repeat":"repeat","background-position":"center center","background-size":"auto","background-attachment":"scroll","background-type":"","background-media":"","overlay-type":"","overlay-color":"","overlay-opacity":"","overlay-gradient":""},"tablet":{"background-color":"","background-image":"","background-repeat":"repeat","background-position":"center center","background-size":"auto","background-attachment":"scroll","background-type":"","background-media":"","overlay-type":"","overlay-color":"","overlay-opacity":"","overlay-gradient":""},"mobile":{"background-color":"","background-image":"","background-repeat":"repeat","background-position":"center center","background-size":"auto","background-attachment":"scroll","background-type":"","background-media":"","overlay-type":"","overlay-color":"","overlay-opacity":"","overlay-gradient":""}},"ast-content-background-meta":{"desktop":{"background-color":"var(--ast-global-color-5)","background-image":"","background-repeat":"repeat","background-position":"center center","background-size":"auto","background-attachment":"scroll","background-type":"","background-media":"","overlay-type":"","overlay-color":"","overlay-opacity":"","overlay-gradient":""},"tablet":{"background-color":"var(--ast-global-color-5)","background-image":"","background-repeat":"repeat","background-position":"center center","background-size":"auto","background-attachment":"scroll","background-type":"","background-media":"","overlay-type":"","overlay-color":"","overlay-opacity":"","overlay-gradient":""},"mobile":{"background-color":"var(--ast-global-color-5)","background-image":"","background-repeat":"repeat","background-position":"center center","background-size":"auto","background-attachment":"scroll","background-type":"","background-media":"","overlay-type":"","overlay-color":"","overlay-opacity":"","overlay-gradient":""}}},"product_brand":[],"product_cat":[129],"product_tag":[],"class_list":{"0":"post-3310","1":"product","2":"type-product","3":"status-publish","4":"has-post-thumbnail","6":"product_cat-masine-i-oprema-opste-namene","7":"desktop-align-center","8":"tablet-align-left","9":"mobile-align-left","11":"first","12":"instock","13":"shipping-taxable","14":"purchasable","15":"product-type-simple","16":"add-to-wishlist-after_add_to_cart"},"_links":{"self":[{"href":"https:\/\/anelsrb.com\/prodavnica\/wp-json\/wp\/v2\/product\/3310","targetHints":{"allow":["GET"]}}],"collection":[{"href":"https:\/\/anelsrb.com\/prodavnica\/wp-json\/wp\/v2\/product"}],"about":[{"href":"https:\/\/anelsrb.com\/prodavnica\/wp-json\/wp\/v2\/types\/product"}],"replies":[{"embeddable":true,"href":"https:\/\/anelsrb.com\/prodavnica\/wp-json\/wp\/v2\/comments?post=3310"}],"wp:featuredmedia":[{"embeddable":true,"href":"https:\/\/anelsrb.com\/prodavnica\/wp-json\/wp\/v2\/media\/3317"}],"wp:attachment":[{"href":"https:\/\/anelsrb.com\/prodavnica\/wp-json\/wp\/v2\/media?parent=3310"}],"wp:term":[{"taxonomy":"product_brand","embeddable":true,"href":"https:\/\/anelsrb.com\/prodavnica\/wp-json\/wp\/v2\/product_brand?post=3310"},{"taxonomy":"product_cat","embeddable":true,"href":"https:\/\/anelsrb.com\/prodavnica\/wp-json\/wp\/v2\/product_cat?post=3310"},{"taxonomy":"product_tag","embeddable":true,"href":"https:\/\/anelsrb.com\/prodavnica\/wp-json\/wp\/v2\/product_tag?post=3310"}],"curies":[{"name":"wp","href":"https:\/\/api.w.org\/{rel}","templated":true}]}}