{"id":3318,"date":"2024-12-12T14:32:41","date_gmt":"2024-12-12T13:32:41","guid":{"rendered":"https:\/\/anelsrb.com\/prodavnica\/?post_type=product&#038;p=3318"},"modified":"2025-11-10T13:45:00","modified_gmt":"2025-11-10T12:45:00","slug":"akumulatorske-makaze-za-zbunje-gc-ch-1855-1-li-kit-1x25-ah","status":"publish","type":"product","link":"https:\/\/anelsrb.com\/prodavnica\/product\/akumulatorske-makaze-za-zbunje-gc-ch-1855-1-li-kit-1x25-ah\/","title":{"rendered":"EINHELL Akumulatorske makaze za \u017ebunje GC-CH 1855\/1 Li Kit (1&#215;2,5 Ah)"},"content":{"rendered":"<p>GC-CH 1855\/1 Li Kit akumulatorske makaze za \u017eivu ogradu su veoma efikasan alat koji pru\u017ea dobru uslugu obrezivanja \u017eivice, \u017ebunja i grmlja na velikim povr\u0161inama gde ne postoji priklju\u010dak na elektri\u010dnu mre\u017eu. Sa Power X-Change sistemom baterija kompanije Einhell, ove makaze za \u017eivu ogradu imaju set baterije od 18 V sa 2,5 Ah za duge periode rada. Dug radni vek omogu\u0107uje zup\u010danik napravljen od metala, a \u010disti rezultati rezanja su obezbe\u0111eni se\u010divima napravljenim od laserski se\u010denog i dijamantski bru\u0161enog \u010delika. GC-CH 1855\/1 Li Kit ima indikator napunjenosti baterije sa tri LED svetla gde mo\u017eete da proverite trenutan nivo napunjenosti samo jednim pogledom. Pored toga, baterija se mo\u017ee koristiti za sve alate iz Power X-Change porodice. Isporu\u010duje se sa dodatnim brzim punja\u010dem. Integrisani sigurnosni prekida\u010d za dve ruke zaustavlja makaze za manje od 1 sekunde kada se pusti prekida\u010d. Se\u010diva su za\u0161ti\u0107ena aluminijumskim \u0161titnikom. Prednja ru\u010dka je podesiva, dok se zadnja ru\u010dka mo\u017ee okretati za dobro rukovanje i optimalno prilago\u0111avanje makaza za \u017eivu ogradu svakoj radnoj situaciji. GC-CH 1855\/1 Li Kit dolazi sa \u010dvrstom za\u0161tita reza\u010da za bezbedan i jednostavan transport i odlaganje.<\/p>\n<div class=\"content-item module-headline-paragraph headline paragraph -color-headline-black\">\n<h2 class=\"heading delta\">Tehni\u010dke specifikacije<\/h2>\n<\/div>\n<div class=\"content-item module-table -styling-beta\">\n<table class=\"table__table\">\n<tbody>\n<tr class=\"-show tr-odd\">\n<td><span class=\"bold\">Maks. Vreme rada<\/span><\/td>\n<td>100 min<\/td>\n<\/tr>\n<tr class=\"-show tr-even\">\n<td><span class=\"bold\">Vreme punjenja<\/span><\/td>\n<td>50min<\/td>\n<\/tr>\n<tr class=\"-show tr-odd\">\n<td><span class=\"bold\">Du\u017eina rezanja<\/span><\/td>\n<td>55 cm<\/td>\n<\/tr>\n<tr class=\"-show tr-even\">\n<td><span class=\"bold\">Du\u017eina se\u010diva<\/span><\/td>\n<td>620 mm<\/td>\n<\/tr>\n<tr class=\"-show tr-odd\">\n<td><span class=\"bold\">Razmak izme\u0111u zubaca<\/span><\/td>\n<td>18 mm<\/td>\n<\/tr>\n<tr class=\"-show tr-even\">\n<td><span class=\"bold\">Reza u minuti<\/span><\/td>\n<td>2200 min^-1<\/td>\n<\/tr>\n<tr class=\"-show tr-odd\">\n<td><span class=\"bold\">Baterija<\/span><\/td>\n<td>18 V | 2500 mAh | Li-Ion<\/td>\n<\/tr>\n<tr class=\"-show tr-even\">\n<td><span class=\"bold\">Broj baterija<\/span><\/td>\n<td>1 Pieces<\/td>\n<\/tr>\n<\/tbody>\n<\/table>\n<\/div>\n","protected":false},"excerpt":{"rendered":"<div class=\"information__meta\"><span class=\"meta\"><span class=\"bold\">\u0160ifra artikla:\u00a0<\/span><span class=\"data-point-itemno\">3410506<\/span><\/span><span class=\"meta\"><span class=\"bold\">\u00a0EAN:\u00a0<\/span>4006825661910<\/span><\/div>\n<div class=\"information__content -standard-list\">\n<ul>\n<li class=\" meta\">\u010clan Power X-Change porodice<\/li>\n<li class=\" meta\">Indikator napunjenosti baterije sa 3 LED-a<\/li>\n<li class=\" meta\">Baterija se mo\u017ee koristiti za druge Power X-Change proizvode<\/li>\n<li class=\" meta\">Uklju\u010duje sistemski brzi punja\u010d<\/li>\n<li class=\" meta\">Se\u010diva napravljena od laserski se\u010denog i dijamantom bru\u0161enog \u010delika<\/li>\n<li class=\"-marked meta\">Podesiva dodatna ru\u010dka<\/li>\n<li class=\"-marked meta\">Okretna ru\u010dka<\/li>\n<li class=\"-marked meta\">Lake za kori\u0161\u0107enje<\/li>\n<li class=\"-marked meta\">Metalni zup\u010danik za dug radni vek<\/li>\n<li class=\"-marked meta\">Sigurnosni prekida\u010d za dve ruke<\/li>\n<li class=\"-marked meta\">Aluminijumski \u0161titnik se\u010diva<\/li>\n<li class=\"-marked meta\">\u0160titnik se\u010diva sa dr\u017ea\u010dem za ka\u010denje na zid<\/li>\n<li class=\"-marked meta\">Sakuplja\u010d ise\u010daka<\/li>\n<li class=\"-marked meta\">\u010cvrsta za\u0161tita reza\u010da za bezbedno skladi\u0161tenje i transport<\/li>\n<li class=\"-marked meta\">Dolazi sa 2,5 Ah baterijom i brzim punja\u010dem baterija<\/li>\n<\/ul>\n<\/div>\n","protected":false},"featured_media":3325,"comment_status":"open","ping_status":"closed","template":"","meta":{"site-sidebar-layout":"default","site-content-layout":"","ast-site-content-layout":"default","site-content-style":"default","site-sidebar-style":"default","ast-global-header-display":"","ast-banner-title-visibility":"","ast-main-header-display":"","ast-hfb-above-header-display":"","ast-hfb-below-header-display":"","ast-hfb-mobile-header-display":"","site-post-title":"","ast-breadcrumbs-content":"","ast-featured-img":"","footer-sml-layout":"","ast-disable-related-posts":"","theme-transparent-header-meta":"default","adv-header-id-meta":"","stick-header-meta":"","header-above-stick-meta":"","header-main-stick-meta":"","header-below-stick-meta":"","astra-migrate-meta-layouts":"set","ast-page-background-enabled":"default","ast-page-background-meta":{"desktop":{"background-color":"var(--ast-global-color-4)","background-image":"","background-repeat":"repeat","background-position":"center center","background-size":"auto","background-attachment":"scroll","background-type":"","background-media":"","overlay-type":"","overlay-color":"","overlay-opacity":"","overlay-gradient":""},"tablet":{"background-color":"","background-image":"","background-repeat":"repeat","background-position":"center center","background-size":"auto","background-attachment":"scroll","background-type":"","background-media":"","overlay-type":"","overlay-color":"","overlay-opacity":"","overlay-gradient":""},"mobile":{"background-color":"","background-image":"","background-repeat":"repeat","background-position":"center center","background-size":"auto","background-attachment":"scroll","background-type":"","background-media":"","overlay-type":"","overlay-color":"","overlay-opacity":"","overlay-gradient":""}},"ast-content-background-meta":{"desktop":{"background-color":"var(--ast-global-color-5)","background-image":"","background-repeat":"repeat","background-position":"center center","background-size":"auto","background-attachment":"scroll","background-type":"","background-media":"","overlay-type":"","overlay-color":"","overlay-opacity":"","overlay-gradient":""},"tablet":{"background-color":"var(--ast-global-color-5)","background-image":"","background-repeat":"repeat","background-position":"center center","background-size":"auto","background-attachment":"scroll","background-type":"","background-media":"","overlay-type":"","overlay-color":"","overlay-opacity":"","overlay-gradient":""},"mobile":{"background-color":"var(--ast-global-color-5)","background-image":"","background-repeat":"repeat","background-position":"center center","background-size":"auto","background-attachment":"scroll","background-type":"","background-media":"","overlay-type":"","overlay-color":"","overlay-opacity":"","overlay-gradient":""}}},"product_brand":[],"product_cat":[129],"product_tag":[],"class_list":{"0":"post-3318","1":"product","2":"type-product","3":"status-publish","4":"has-post-thumbnail","6":"product_cat-masine-i-oprema-opste-namene","7":"desktop-align-center","8":"tablet-align-left","9":"mobile-align-left","11":"first","12":"instock","13":"shipping-taxable","14":"purchasable","15":"product-type-simple","16":"add-to-wishlist-after_add_to_cart"},"_links":{"self":[{"href":"https:\/\/anelsrb.com\/prodavnica\/wp-json\/wp\/v2\/product\/3318","targetHints":{"allow":["GET"]}}],"collection":[{"href":"https:\/\/anelsrb.com\/prodavnica\/wp-json\/wp\/v2\/product"}],"about":[{"href":"https:\/\/anelsrb.com\/prodavnica\/wp-json\/wp\/v2\/types\/product"}],"replies":[{"embeddable":true,"href":"https:\/\/anelsrb.com\/prodavnica\/wp-json\/wp\/v2\/comments?post=3318"}],"wp:featuredmedia":[{"embeddable":true,"href":"https:\/\/anelsrb.com\/prodavnica\/wp-json\/wp\/v2\/media\/3325"}],"wp:attachment":[{"href":"https:\/\/anelsrb.com\/prodavnica\/wp-json\/wp\/v2\/media?parent=3318"}],"wp:term":[{"taxonomy":"product_brand","embeddable":true,"href":"https:\/\/anelsrb.com\/prodavnica\/wp-json\/wp\/v2\/product_brand?post=3318"},{"taxonomy":"product_cat","embeddable":true,"href":"https:\/\/anelsrb.com\/prodavnica\/wp-json\/wp\/v2\/product_cat?post=3318"},{"taxonomy":"product_tag","embeddable":true,"href":"https:\/\/anelsrb.com\/prodavnica\/wp-json\/wp\/v2\/product_tag?post=3318"}],"curies":[{"name":"wp","href":"https:\/\/api.w.org\/{rel}","templated":true}]}}