{"id":3326,"date":"2024-12-12T14:46:38","date_gmt":"2024-12-12T13:46:38","guid":{"rendered":"https:\/\/anelsrb.com\/prodavnica\/?post_type=product&#038;p=3326"},"modified":"2025-11-10T13:47:25","modified_gmt":"2025-11-10T12:47:25","slug":"elektricna-tiha-seckalica-gc-rs-2540","status":"publish","type":"product","link":"https:\/\/anelsrb.com\/prodavnica\/product\/elektricna-tiha-seckalica-gc-rs-2540\/","title":{"rendered":"EINHELL Elektri\u010dna tiha seckalica GC-RS 2540"},"content":{"rendered":"<p>GC-RS 2540 elektri\u010dna tiha seckalica za grane je moc\u0301an i pouzdan alat za brzo i tiho usitnjavanje reznica stabala, reznica \u017eivice i vrtnog otpada. Njegov dugotrajan rezni bubanj sna\u017eno uvla\u010di materijal u veliki otvor levka. Za lak i jednostavan transport postoji robusna \u0161asija sa to\u010dkovima i prakti\u010dna transportna ru\u010dka. Motorni prekida\u010d ovog elektri\u010dnog tihog reza\u010da \u0161titi motor od preopterec\u0301enja. Siguran rad je obezbe\u0111en i sigurnosnim prekida\u010dem i za\u0161titom od ponovnog pokretanja. GC-RS 2540 ima prekida\u010d za promenu pravca rotacije reznog bubnja. Ovo je obezbe\u0111eno zarad brzog i lakog uklanjanja za\u010depljenja. Ovaj elektri\u010dni reza\u010d se tako\u0111e isporu\u010duje sa ba\u0161tenskim d\u017eakom za otpad.<\/p>\n<div class=\"content-item module-headline-paragraph headline paragraph -color-headline-black\">\n<h2 class=\"heading delta\">Tehni\u010dke specifikacije<\/h2>\n<\/div>\n<div class=\"content-item module-table -styling-beta\">\n<table class=\"table__table\">\n<tbody>\n<tr class=\"-show tr-odd\">\n<td><span class=\"bold\">Napajanje<\/span><\/td>\n<td>230 V | 50 Hz<\/td>\n<\/tr>\n<tr class=\"-show tr-even\">\n<td><span class=\"bold\">Snaga<\/span><\/td>\n<td>2000 W<\/td>\n<\/tr>\n<tr class=\"-show tr-odd\">\n<td><span class=\"bold\">Maks. Snaga (S6 | S6%)<\/span><\/td>\n<td>2500 W | 40 %<\/td>\n<\/tr>\n<tr class=\"-show tr-even\">\n<td><span class=\"bold\">Brzina praznog hoda<\/span><\/td>\n<td>40 min^-1<\/td>\n<\/tr>\n<tr class=\"-show tr-odd\">\n<td><span class=\"bold\">Maks. Pre\u010dnik grane<\/span><\/td>\n<td>40 mm<\/td>\n<\/tr>\n<tr class=\"-show tr-even\">\n<td><span class=\"bold\">Nivo snage zvuka LWA<\/span><\/td>\n<td>93 dB (A)<\/td>\n<\/tr>\n<\/tbody>\n<\/table>\n<\/div>\n","protected":false},"excerpt":{"rendered":"<div class=\"information__meta\"><span class=\"meta\"><span class=\"bold\">\u0160ifra artikla:\u00a0<\/span><span class=\"data-point-itemno\">3430620<\/span><\/span><span class=\"meta\"><span class=\"bold\">\u00a0EAN:\u00a0<\/span>4006825608403<\/span><\/div>\n<div class=\"information__content -standard-list\">\n<ul>\n<li class=\" meta\">Rezni valjak<\/li>\n<li class=\" meta\">Veliki levak<\/li>\n<li class=\" meta\">Prekida\u010d za promenu smera<\/li>\n<li class=\" meta\">Robusna \u0161asija sa to\u010dkovima<\/li>\n<li class=\" meta\">Ba\u0161tenski d\u017eak za otpad<\/li>\n<li class=\"-marked meta\">Prakti\u010dna ru\u010dka za no\u0161enje<\/li>\n<\/ul>\n<\/div>\n","protected":false},"featured_media":3333,"comment_status":"open","ping_status":"closed","template":"","meta":{"site-sidebar-layout":"default","site-content-layout":"","ast-site-content-layout":"default","site-content-style":"default","site-sidebar-style":"default","ast-global-header-display":"","ast-banner-title-visibility":"","ast-main-header-display":"","ast-hfb-above-header-display":"","ast-hfb-below-header-display":"","ast-hfb-mobile-header-display":"","site-post-title":"","ast-breadcrumbs-content":"","ast-featured-img":"","footer-sml-layout":"","ast-disable-related-posts":"","theme-transparent-header-meta":"default","adv-header-id-meta":"","stick-header-meta":"","header-above-stick-meta":"","header-main-stick-meta":"","header-below-stick-meta":"","astra-migrate-meta-layouts":"set","ast-page-background-enabled":"default","ast-page-background-meta":{"desktop":{"background-color":"var(--ast-global-color-4)","background-image":"","background-repeat":"repeat","background-position":"center center","background-size":"auto","background-attachment":"scroll","background-type":"","background-media":"","overlay-type":"","overlay-color":"","overlay-opacity":"","overlay-gradient":""},"tablet":{"background-color":"","background-image":"","background-repeat":"repeat","background-position":"center center","background-size":"auto","background-attachment":"scroll","background-type":"","background-media":"","overlay-type":"","overlay-color":"","overlay-opacity":"","overlay-gradient":""},"mobile":{"background-color":"","background-image":"","background-repeat":"repeat","background-position":"center center","background-size":"auto","background-attachment":"scroll","background-type":"","background-media":"","overlay-type":"","overlay-color":"","overlay-opacity":"","overlay-gradient":""}},"ast-content-background-meta":{"desktop":{"background-color":"var(--ast-global-color-5)","background-image":"","background-repeat":"repeat","background-position":"center center","background-size":"auto","background-attachment":"scroll","background-type":"","background-media":"","overlay-type":"","overlay-color":"","overlay-opacity":"","overlay-gradient":""},"tablet":{"background-color":"var(--ast-global-color-5)","background-image":"","background-repeat":"repeat","background-position":"center center","background-size":"auto","background-attachment":"scroll","background-type":"","background-media":"","overlay-type":"","overlay-color":"","overlay-opacity":"","overlay-gradient":""},"mobile":{"background-color":"var(--ast-global-color-5)","background-image":"","background-repeat":"repeat","background-position":"center center","background-size":"auto","background-attachment":"scroll","background-type":"","background-media":"","overlay-type":"","overlay-color":"","overlay-opacity":"","overlay-gradient":""}}},"product_brand":[],"product_cat":[129],"product_tag":[],"class_list":{"0":"post-3326","1":"product","2":"type-product","3":"status-publish","4":"has-post-thumbnail","6":"product_cat-masine-i-oprema-opste-namene","7":"desktop-align-center","8":"tablet-align-left","9":"mobile-align-left","11":"first","12":"instock","13":"shipping-taxable","14":"purchasable","15":"product-type-simple","16":"add-to-wishlist-after_add_to_cart"},"_links":{"self":[{"href":"https:\/\/anelsrb.com\/prodavnica\/wp-json\/wp\/v2\/product\/3326","targetHints":{"allow":["GET"]}}],"collection":[{"href":"https:\/\/anelsrb.com\/prodavnica\/wp-json\/wp\/v2\/product"}],"about":[{"href":"https:\/\/anelsrb.com\/prodavnica\/wp-json\/wp\/v2\/types\/product"}],"replies":[{"embeddable":true,"href":"https:\/\/anelsrb.com\/prodavnica\/wp-json\/wp\/v2\/comments?post=3326"}],"wp:featuredmedia":[{"embeddable":true,"href":"https:\/\/anelsrb.com\/prodavnica\/wp-json\/wp\/v2\/media\/3333"}],"wp:attachment":[{"href":"https:\/\/anelsrb.com\/prodavnica\/wp-json\/wp\/v2\/media?parent=3326"}],"wp:term":[{"taxonomy":"product_brand","embeddable":true,"href":"https:\/\/anelsrb.com\/prodavnica\/wp-json\/wp\/v2\/product_brand?post=3326"},{"taxonomy":"product_cat","embeddable":true,"href":"https:\/\/anelsrb.com\/prodavnica\/wp-json\/wp\/v2\/product_cat?post=3326"},{"taxonomy":"product_tag","embeddable":true,"href":"https:\/\/anelsrb.com\/prodavnica\/wp-json\/wp\/v2\/product_tag?post=3326"}],"curies":[{"name":"wp","href":"https:\/\/api.w.org\/{rel}","templated":true}]}}