{"id":3344,"date":"2024-12-18T12:46:01","date_gmt":"2024-12-18T11:46:01","guid":{"rendered":"https:\/\/anelsrb.com\/prodavnica\/?post_type=product&#038;p=3344"},"modified":"2025-11-10T13:42:29","modified_gmt":"2025-11-10T12:42:29","slug":"pumpa-za-prljavu-vodu","status":"publish","type":"product","link":"https:\/\/anelsrb.com\/prodavnica\/product\/pumpa-za-prljavu-vodu\/","title":{"rendered":"Einhell Pumpa za prljavu vodu"},"content":{"rendered":"<p>Einhell GC-DP 3325 pumpa za otpadnu vodu je optimalno pogodna za ispumpavanje vode sa velikim koli\u010dinama stranih materija pre\u010dnika do 25 mm \u2013 i brzinom pumpanja do 9.500 litara na sat. Pumpa od 330 W odli\u010dno radi na evakuaciji otpadnih voda iz podruma ili jama za iskopavanje, prilikom \u010di\u0161c\u0301enja bazena ili ba\u0161tenskog ribnjaka ili pumpanja vode iz cisterni i bunara, kao i velikih buradi za ki\u0161u i rezervoara za vodu. Za bolju prenosivost, sklopiva ru\u010dka za no\u0161enje je pri\u010dvr\u0161c\u0301ena za plasti\u010dno kuc\u0301i\u0161te pumpe otporno na udarce. Pumpa ima kontinuirano podesivi plivajuc\u0301i prekida\u010d i visokokvalitetni mehani\u010dki dihtung koji obezbe\u0111uje dug radni vek. Pumpa nudi nekoliko opcija povezivanja sa univerzalnim priklju\u010dkom za creva od 25\/32 mm i spoljnim navojem G1 (33,3 mm) kao i kolenom od 90\u00b0.<\/p>\n<div class=\"content-item module-headline-paragraph headline paragraph -color-headline-black\">\n<h2 class=\"heading delta\">Tehni\u010dke specifikacije<\/h2>\n<\/div>\n<div class=\"content-item module-table -styling-beta\">\n<table class=\"table__table\">\n<tbody>\n<tr class=\"-show tr-odd\">\n<td><span class=\"bold\">Napajanje<\/span><\/td>\n<td>230 V | 50 Hz<\/td>\n<\/tr>\n<tr class=\"-show tr-even\">\n<td><span class=\"bold\">Snaga<\/span><\/td>\n<td>330 W<\/td>\n<\/tr>\n<tr class=\"-show tr-odd\">\n<td><span class=\"bold\">Maks. Dostvni kapacitet<\/span><\/td>\n<td>9500 L\/h<\/td>\n<\/tr>\n<tr class=\"-show tr-even\">\n<td><span class=\"bold\">Maks. Visina isporuke<\/span><\/td>\n<td>6 m<\/td>\n<\/tr>\n<tr class=\"-show tr-odd\">\n<td><span class=\"bold\">Maks. Dubina uranjanja<\/span><\/td>\n<td>7 m<\/td>\n<\/tr>\n<tr class=\"-show tr-even\">\n<td><span class=\"bold\">Maks. Temperatura vode<\/span><\/td>\n<td>35 \u00b0C<\/td>\n<\/tr>\n<tr class=\"-show tr-odd\">\n<td><span class=\"bold\">Maks. Veli\u010dina stranih \u010destica<\/span><\/td>\n<td>25 mm<\/td>\n<\/tr>\n<tr class=\"-show tr-even\">\n<td><span class=\"bold\">Spojnica za crevo<\/span><\/td>\n<td>47,8 mm (G1 1\/2 IG)<\/td>\n<\/tr>\n<tr class=\"-show tr-odd\">\n<td><span class=\"bold\">Kabl za napajanje<\/span><\/td>\n<td>10 m | H05RN-F<\/td>\n<\/tr>\n<\/tbody>\n<\/table>\n<\/div>\n","protected":false},"excerpt":{"rendered":"<div class=\"information__meta\"><span class=\"meta\"><span class=\"bold\">\u0160ifra artikla:\u00a0<\/span><span class=\"data-point-itemno\">4181530<\/span><\/span><span class=\"meta\"><span class=\"bold\">\u00a0EAN:\u00a0<\/span>4006825655087<\/span><\/div>\n<div class=\"information__content -standard-list\">\n<ul>\n<li class=\" meta\">Ru\u010dka za no\u0161enje<\/li>\n<li class=\" meta\">Plovni prekida\u010d beskona\u010dno podesiv<\/li>\n<li class=\" meta\">Visokokvalitetno mehani\u010dko zaptivanje<\/li>\n<li class=\" meta\">Ku\u0161i\u0161te pumpe od plastike otporne na udarce<\/li>\n<li class=\" meta\">Ugao 90 \u00b0 sa univerzalnim priklju\u010dkom<\/li>\n<li class=\"-marked meta\">90\u00b0 koleno G11 (pribli\u017eno 47,8 mm) spolja\u0161nje k G11 (pribli\u017eno 47,8 mm) spolja\u0161nje<\/li>\n<\/ul>\n<\/div>\n","protected":false},"featured_media":3349,"comment_status":"open","ping_status":"closed","template":"","meta":{"site-sidebar-layout":"default","site-content-layout":"","ast-site-content-layout":"default","site-content-style":"default","site-sidebar-style":"default","ast-global-header-display":"","ast-banner-title-visibility":"","ast-main-header-display":"","ast-hfb-above-header-display":"","ast-hfb-below-header-display":"","ast-hfb-mobile-header-display":"","site-post-title":"","ast-breadcrumbs-content":"","ast-featured-img":"","footer-sml-layout":"","ast-disable-related-posts":"","theme-transparent-header-meta":"default","adv-header-id-meta":"","stick-header-meta":"","header-above-stick-meta":"","header-main-stick-meta":"","header-below-stick-meta":"","astra-migrate-meta-layouts":"set","ast-page-background-enabled":"default","ast-page-background-meta":{"desktop":{"background-color":"var(--ast-global-color-4)","background-image":"","background-repeat":"repeat","background-position":"center center","background-size":"auto","background-attachment":"scroll","background-type":"","background-media":"","overlay-type":"","overlay-color":"","overlay-opacity":"","overlay-gradient":""},"tablet":{"background-color":"","background-image":"","background-repeat":"repeat","background-position":"center center","background-size":"auto","background-attachment":"scroll","background-type":"","background-media":"","overlay-type":"","overlay-color":"","overlay-opacity":"","overlay-gradient":""},"mobile":{"background-color":"","background-image":"","background-repeat":"repeat","background-position":"center center","background-size":"auto","background-attachment":"scroll","background-type":"","background-media":"","overlay-type":"","overlay-color":"","overlay-opacity":"","overlay-gradient":""}},"ast-content-background-meta":{"desktop":{"background-color":"var(--ast-global-color-5)","background-image":"","background-repeat":"repeat","background-position":"center center","background-size":"auto","background-attachment":"scroll","background-type":"","background-media":"","overlay-type":"","overlay-color":"","overlay-opacity":"","overlay-gradient":""},"tablet":{"background-color":"var(--ast-global-color-5)","background-image":"","background-repeat":"repeat","background-position":"center center","background-size":"auto","background-attachment":"scroll","background-type":"","background-media":"","overlay-type":"","overlay-color":"","overlay-opacity":"","overlay-gradient":""},"mobile":{"background-color":"var(--ast-global-color-5)","background-image":"","background-repeat":"repeat","background-position":"center center","background-size":"auto","background-attachment":"scroll","background-type":"","background-media":"","overlay-type":"","overlay-color":"","overlay-opacity":"","overlay-gradient":""}}},"product_brand":[],"product_cat":[129],"product_tag":[],"class_list":{"0":"post-3344","1":"product","2":"type-product","3":"status-publish","4":"has-post-thumbnail","6":"product_cat-masine-i-oprema-opste-namene","7":"desktop-align-center","8":"tablet-align-left","9":"mobile-align-left","11":"first","12":"instock","13":"shipping-taxable","14":"purchasable","15":"product-type-simple","16":"add-to-wishlist-after_add_to_cart"},"_links":{"self":[{"href":"https:\/\/anelsrb.com\/prodavnica\/wp-json\/wp\/v2\/product\/3344","targetHints":{"allow":["GET"]}}],"collection":[{"href":"https:\/\/anelsrb.com\/prodavnica\/wp-json\/wp\/v2\/product"}],"about":[{"href":"https:\/\/anelsrb.com\/prodavnica\/wp-json\/wp\/v2\/types\/product"}],"replies":[{"embeddable":true,"href":"https:\/\/anelsrb.com\/prodavnica\/wp-json\/wp\/v2\/comments?post=3344"}],"wp:featuredmedia":[{"embeddable":true,"href":"https:\/\/anelsrb.com\/prodavnica\/wp-json\/wp\/v2\/media\/3349"}],"wp:attachment":[{"href":"https:\/\/anelsrb.com\/prodavnica\/wp-json\/wp\/v2\/media?parent=3344"}],"wp:term":[{"taxonomy":"product_brand","embeddable":true,"href":"https:\/\/anelsrb.com\/prodavnica\/wp-json\/wp\/v2\/product_brand?post=3344"},{"taxonomy":"product_cat","embeddable":true,"href":"https:\/\/anelsrb.com\/prodavnica\/wp-json\/wp\/v2\/product_cat?post=3344"},{"taxonomy":"product_tag","embeddable":true,"href":"https:\/\/anelsrb.com\/prodavnica\/wp-json\/wp\/v2\/product_tag?post=3344"}],"curies":[{"name":"wp","href":"https:\/\/api.w.org\/{rel}","templated":true}]}}