{"id":3591,"date":"2025-08-13T12:07:57","date_gmt":"2025-08-13T10:07:57","guid":{"rendered":"https:\/\/anelsrb.com\/prodavnica\/?post_type=product&#038;p=3591"},"modified":"2025-08-13T12:07:57","modified_gmt":"2025-08-13T10:07:57","slug":"butan-propan-gas-boca-za-fogger-anel","status":"publish","type":"product","link":"https:\/\/anelsrb.com\/prodavnica\/product\/butan-propan-gas-boca-za-fogger-anel\/","title":{"rendered":"Butan-Propan gas boca za Fogger Anel"},"content":{"rendered":"<p>Gasni patron ELG- 600 \u00a0pogodan je za ru\u010dne brenere, gasne lampe, plinske grejalice\u2026 Koristit sa ure\u0111ajima koji su u skladu sa EN 417.<\/p>\n<p>Patron je pod pritiskom i mo\u017ee eksplodirati ukoliko se zagreje.Sadr\u017ei veoma zapaljivi gas. Dr\u017eati van doma\u0161aja dece. Ne trebate ga izlagati temperaturi visoj od \u00a050 \u00b0C.<\/p>\n<p>Gasni patron ELG- 600 za\u0161titite od sun\u010deve svetlosti i \u010duvajte na dobro provetrenom mestu. \u010cuvati ga dalje od izvora toplote, varnica, otvorenog plamena, vru\u0107ih povr\u0161ina\u2026<\/p>\n<p>Zabranjeno je pu\u0161enje u blizini patrona. Mo\u017eete izazvati po\u017ear ukoliko do\u0111e do curenja gasa.<\/p>\n<p>Ovaj ure\u0111aj je namenjen\u00a0 za kori\u0161\u0107enje samo za ure\u0111aje na butan gas pod pritiskom. Pridr\u017eavajte se uputstva za upoptrebu.<\/p>\n<p><strong><a href=\"https:\/\/gasiks.rs\/plinske-boce-i-kartuse\/plinske-kartuse-i-patroni\/\">Patroni<\/a>\u00a0nisu punjivi.<\/strong><\/p>\n<p>Iskori\u0161\u0107eni patron nemojte bu\u0161iti, probijati, ni paliti. Patrone menjajte na otvorenom ili u dobro provetrenim prostorijama. Prilikom zamene budite sigurni da ste zatvorili ventil na ure\u0111aju.<\/p>\n<p>*Patrone \u010duvati na hladnom i tamnom mestu, od direktnog uticaja sunca. Ne izlagati temperaturama vi\u0161im od 50\u00b0C. Patrone skladi\u0161titi na bezbednom mestu, van doma\u0161aja dece. Praznu patronu menjajte samo u prostorijama sa dobrom ventilacijom ili na otvorenom. Patrone ne menjajte u blizini zapaljivih predmeta.<\/p>\n","protected":false},"excerpt":{"rendered":"<p>Karakteristike proizvoda :<\/p>\n<p>Butan-Propan gas boca za Fogger Anel 220g (400ml)\/330g (600ml)<\/p>\n<p>80% Butane &amp;20% Propane<\/p>\n<ul>\n<li>Izra\u0111eni u skladu sa EN 417<\/li>\n<li>Kompatibilni su za sve ure\u0111aje sa pritiskom na butan, koji su u skladu sa EN 521 : 2019<\/li>\n<li>Pre\u010dnik boce iznosi 60 mm<\/li>\n<li>Maximalni pritisak 6, 6 bar<\/li>\n<li>Pridr\u017eavajte se uputstva za upotrebu patrona<\/li>\n<li>Pridr\u017eavajte se uputstva za skladi\u0161tenje patrona<\/li>\n<\/ul>\n","protected":false},"featured_media":3592,"comment_status":"open","ping_status":"closed","template":"","meta":{"site-sidebar-layout":"default","site-content-layout":"","ast-site-content-layout":"default","site-content-style":"default","site-sidebar-style":"default","ast-global-header-display":"","ast-banner-title-visibility":"","ast-main-header-display":"","ast-hfb-above-header-display":"","ast-hfb-below-header-display":"","ast-hfb-mobile-header-display":"","site-post-title":"","ast-breadcrumbs-content":"","ast-featured-img":"","footer-sml-layout":"","ast-disable-related-posts":"","theme-transparent-header-meta":"default","adv-header-id-meta":"","stick-header-meta":"","header-above-stick-meta":"","header-main-stick-meta":"","header-below-stick-meta":"","astra-migrate-meta-layouts":"set","ast-page-background-enabled":"default","ast-page-background-meta":{"desktop":{"background-color":"var(--ast-global-color-4)","background-image":"","background-repeat":"repeat","background-position":"center center","background-size":"auto","background-attachment":"scroll","background-type":"","background-media":"","overlay-type":"","overlay-color":"","overlay-opacity":"","overlay-gradient":""},"tablet":{"background-color":"","background-image":"","background-repeat":"repeat","background-position":"center center","background-size":"auto","background-attachment":"scroll","background-type":"","background-media":"","overlay-type":"","overlay-color":"","overlay-opacity":"","overlay-gradient":""},"mobile":{"background-color":"","background-image":"","background-repeat":"repeat","background-position":"center center","background-size":"auto","background-attachment":"scroll","background-type":"","background-media":"","overlay-type":"","overlay-color":"","overlay-opacity":"","overlay-gradient":""}},"ast-content-background-meta":{"desktop":{"background-color":"var(--ast-global-color-5)","background-image":"","background-repeat":"repeat","background-position":"center center","background-size":"auto","background-attachment":"scroll","background-type":"","background-media":"","overlay-type":"","overlay-color":"","overlay-opacity":"","overlay-gradient":""},"tablet":{"background-color":"var(--ast-global-color-5)","background-image":"","background-repeat":"repeat","background-position":"center center","background-size":"auto","background-attachment":"scroll","background-type":"","background-media":"","overlay-type":"","overlay-color":"","overlay-opacity":"","overlay-gradient":""},"mobile":{"background-color":"var(--ast-global-color-5)","background-image":"","background-repeat":"repeat","background-position":"center center","background-size":"auto","background-attachment":"scroll","background-type":"","background-media":"","overlay-type":"","overlay-color":"","overlay-opacity":"","overlay-gradient":""}}},"product_brand":[],"product_cat":[60],"product_tag":[],"class_list":{"0":"post-3591","1":"product","2":"type-product","3":"status-publish","4":"has-post-thumbnail","6":"product_cat-uredjaji-za-primenu-tretmana","7":"desktop-align-center","8":"tablet-align-left","9":"mobile-align-left","11":"first","12":"instock","13":"shipping-taxable","14":"purchasable","15":"product-type-variable","16":"add-to-wishlist-after_add_to_cart"},"_links":{"self":[{"href":"https:\/\/anelsrb.com\/prodavnica\/wp-json\/wp\/v2\/product\/3591","targetHints":{"allow":["GET"]}}],"collection":[{"href":"https:\/\/anelsrb.com\/prodavnica\/wp-json\/wp\/v2\/product"}],"about":[{"href":"https:\/\/anelsrb.com\/prodavnica\/wp-json\/wp\/v2\/types\/product"}],"replies":[{"embeddable":true,"href":"https:\/\/anelsrb.com\/prodavnica\/wp-json\/wp\/v2\/comments?post=3591"}],"wp:featuredmedia":[{"embeddable":true,"href":"https:\/\/anelsrb.com\/prodavnica\/wp-json\/wp\/v2\/media\/3592"}],"wp:attachment":[{"href":"https:\/\/anelsrb.com\/prodavnica\/wp-json\/wp\/v2\/media?parent=3591"}],"wp:term":[{"taxonomy":"product_brand","embeddable":true,"href":"https:\/\/anelsrb.com\/prodavnica\/wp-json\/wp\/v2\/product_brand?post=3591"},{"taxonomy":"product_cat","embeddable":true,"href":"https:\/\/anelsrb.com\/prodavnica\/wp-json\/wp\/v2\/product_cat?post=3591"},{"taxonomy":"product_tag","embeddable":true,"href":"https:\/\/anelsrb.com\/prodavnica\/wp-json\/wp\/v2\/product_tag?post=3591"}],"curies":[{"name":"wp","href":"https:\/\/api.w.org\/{rel}","templated":true}]}}