{"id":3679,"date":"2025-12-24T11:46:57","date_gmt":"2025-12-24T10:46:57","guid":{"rendered":"https:\/\/anelsrb.com\/prodavnica\/?post_type=product&#038;p=3679"},"modified":"2025-12-24T11:53:58","modified_gmt":"2025-12-24T10:53:58","slug":"poklopac-za-teglu-crveni-al-o66-mm","status":"publish","type":"product","link":"https:\/\/anelsrb.com\/prodavnica\/product\/poklopac-za-teglu-crveni-al-o66-mm\/","title":{"rendered":"Poklopac za teglu crveni, Al, \u00d866 mm"},"content":{"rendered":"<p data-start=\"88\" data-end=\"135\"><strong data-start=\"88\" data-end=\"135\">Poklopac za teglu \u2013 aluminijumski, fi 66 mm<\/strong><\/p>\n<p data-start=\"137\" data-end=\"373\">Aluminijumski poklopac pre\u010dnika 66 mm namenjen je za sigurno i pouzdano zatvaranje tegli sa standardnim <em data-start=\"241\" data-end=\"252\">twist-off<\/em> navojem. Zahvaljuju\u0107i kvalitetnoj izradi, obezbe\u0111uje odli\u010dno dihtovanje i dug rok trajanja proizvoda spakovanih u tegli.<\/p>\n<p data-start=\"375\" data-end=\"564\">Poklopac se lako otvara i ponovo zatvara, \u0161to omogu\u0107ava vi\u0161ekratnu upotrebu i ponovno punjenje tegli. Idealan je za pakovanje meda, d\u017eemova, namaza, zimnice i drugih prehrambenih proizvoda.<\/p>\n<p data-start=\"566\" data-end=\"585\"><strong data-start=\"566\" data-end=\"585\">Karakteristike:<\/strong><\/p>\n<ul data-start=\"586\" data-end=\"839\">\n<li data-start=\"586\" data-end=\"611\">\n<p data-start=\"588\" data-end=\"611\">Materijal: aluminijum<\/p>\n<\/li>\n<li data-start=\"612\" data-end=\"633\">\n<p data-start=\"614\" data-end=\"633\">Pre\u010dnik: fi 66 mm<\/p>\n<\/li>\n<li data-start=\"634\" data-end=\"663\">\n<p data-start=\"636\" data-end=\"663\">Tip zatvaranja: twist-off<\/p>\n<\/li>\n<li data-start=\"664\" data-end=\"705\">\n<p data-start=\"666\" data-end=\"705\">Odli\u010dno dihtovanje i za\u0161tita sadr\u017eaja<\/p>\n<\/li>\n<li data-start=\"706\" data-end=\"745\">\n<p data-start=\"708\" data-end=\"745\">Lako otvaranje i ponovno zatvaranje<\/p>\n<\/li>\n<li data-start=\"746\" data-end=\"780\">\n<p data-start=\"748\" data-end=\"780\">Pogodan za vi\u0161ekratnu upotrebu<\/p>\n<\/li>\n<li data-start=\"781\" data-end=\"839\">\n<p data-start=\"783\" data-end=\"839\">Kompatibilan sa teglama zapremine oko 320 ml i sli\u010dnim<\/p>\n<\/li>\n<\/ul>\n<p data-start=\"841\" data-end=\"901\" data-is-last-node=\"\" data-is-only-node=\"\">Pouzdan izbor za profesionalno i doma\u0107e pakovanje proizvoda.<\/p>\n","protected":false},"excerpt":{"rendered":"<div class=\"t4s-richtext_8a8871a3-8899-42a7-9268-6da56ae94d1d t4s-pr__richtext t4s-rte\">\n<div class=\"metafield-rich_text_field\">\n<p>Poklopac za teglu, aluminijumski, fi 66mm.<br \/>\nPoklopac izvanredno zatvara i omogu\u0107uje dugi rok trajanja proizvoda spakovanog u tegli. Otvaranje i ponovno zatvaranje je lako, tegle sa ovakvim poklopcem se mogu koristiti vi\u0161ekratno odnosno ponovo puniti. Poklopac se mo\u017ee koristiti na svim teglama sa standardnim navojem za twist off zatvara\u010de \u010diji je pre\u010dnik navojnog grla 66mm odnosno za tegle zapremine 320ml i sl.<\/p>\n<\/div>\n<\/div>\n","protected":false},"featured_media":3680,"comment_status":"open","ping_status":"closed","template":"","meta":{"site-sidebar-layout":"default","site-content-layout":"","ast-site-content-layout":"default","site-content-style":"default","site-sidebar-style":"default","ast-global-header-display":"","ast-banner-title-visibility":"","ast-main-header-display":"","ast-hfb-above-header-display":"","ast-hfb-below-header-display":"","ast-hfb-mobile-header-display":"","site-post-title":"","ast-breadcrumbs-content":"","ast-featured-img":"","footer-sml-layout":"","ast-disable-related-posts":"","theme-transparent-header-meta":"default","adv-header-id-meta":"","stick-header-meta":"","header-above-stick-meta":"","header-main-stick-meta":"","header-below-stick-meta":"","astra-migrate-meta-layouts":"set","ast-page-background-enabled":"default","ast-page-background-meta":{"desktop":{"background-color":"var(--ast-global-color-4)","background-image":"","background-repeat":"repeat","background-position":"center center","background-size":"auto","background-attachment":"scroll","background-type":"","background-media":"","overlay-type":"","overlay-color":"","overlay-opacity":"","overlay-gradient":""},"tablet":{"background-color":"","background-image":"","background-repeat":"repeat","background-position":"center center","background-size":"auto","background-attachment":"scroll","background-type":"","background-media":"","overlay-type":"","overlay-color":"","overlay-opacity":"","overlay-gradient":""},"mobile":{"background-color":"","background-image":"","background-repeat":"repeat","background-position":"center center","background-size":"auto","background-attachment":"scroll","background-type":"","background-media":"","overlay-type":"","overlay-color":"","overlay-opacity":"","overlay-gradient":""}},"ast-content-background-meta":{"desktop":{"background-color":"var(--ast-global-color-5)","background-image":"","background-repeat":"repeat","background-position":"center center","background-size":"auto","background-attachment":"scroll","background-type":"","background-media":"","overlay-type":"","overlay-color":"","overlay-opacity":"","overlay-gradient":""},"tablet":{"background-color":"var(--ast-global-color-5)","background-image":"","background-repeat":"repeat","background-position":"center center","background-size":"auto","background-attachment":"scroll","background-type":"","background-media":"","overlay-type":"","overlay-color":"","overlay-opacity":"","overlay-gradient":""},"mobile":{"background-color":"var(--ast-global-color-5)","background-image":"","background-repeat":"repeat","background-position":"center center","background-size":"auto","background-attachment":"scroll","background-type":"","background-media":"","overlay-type":"","overlay-color":"","overlay-opacity":"","overlay-gradient":""}}},"product_brand":[],"product_cat":[108,111],"product_tag":[],"class_list":{"0":"post-3679","1":"product","2":"type-product","3":"status-publish","4":"has-post-thumbnail","6":"product_cat-ambalaza-za-med","7":"product_cat-poklopci-za-tege","8":"desktop-align-center","9":"tablet-align-left","10":"mobile-align-left","12":"first","13":"instock","14":"shipping-taxable","15":"purchasable","16":"product-type-simple","17":"add-to-wishlist-after_add_to_cart"},"_links":{"self":[{"href":"https:\/\/anelsrb.com\/prodavnica\/wp-json\/wp\/v2\/product\/3679","targetHints":{"allow":["GET"]}}],"collection":[{"href":"https:\/\/anelsrb.com\/prodavnica\/wp-json\/wp\/v2\/product"}],"about":[{"href":"https:\/\/anelsrb.com\/prodavnica\/wp-json\/wp\/v2\/types\/product"}],"replies":[{"embeddable":true,"href":"https:\/\/anelsrb.com\/prodavnica\/wp-json\/wp\/v2\/comments?post=3679"}],"wp:featuredmedia":[{"embeddable":true,"href":"https:\/\/anelsrb.com\/prodavnica\/wp-json\/wp\/v2\/media\/3680"}],"wp:attachment":[{"href":"https:\/\/anelsrb.com\/prodavnica\/wp-json\/wp\/v2\/media?parent=3679"}],"wp:term":[{"taxonomy":"product_brand","embeddable":true,"href":"https:\/\/anelsrb.com\/prodavnica\/wp-json\/wp\/v2\/product_brand?post=3679"},{"taxonomy":"product_cat","embeddable":true,"href":"https:\/\/anelsrb.com\/prodavnica\/wp-json\/wp\/v2\/product_cat?post=3679"},{"taxonomy":"product_tag","embeddable":true,"href":"https:\/\/anelsrb.com\/prodavnica\/wp-json\/wp\/v2\/product_tag?post=3679"}],"curies":[{"name":"wp","href":"https:\/\/api.w.org\/{rel}","templated":true}]}}