{"id":3710,"date":"2026-02-03T11:48:49","date_gmt":"2026-02-03T10:48:49","guid":{"rendered":"https:\/\/anelsrb.com\/prodavnica\/?post_type=product&#038;p=3710"},"modified":"2026-04-20T13:35:06","modified_gmt":"2026-04-20T11:35:06","slug":"anel-podnjaca-lockfit","status":"publish","type":"product","link":"https:\/\/anelsrb.com\/prodavnica\/product\/anel-podnjaca-lockfit\/","title":{"rendered":"Anel podnja\u010da Lockfit"},"content":{"rendered":"<p data-start=\"40\" data-end=\"421\"><strong data-start=\"40\" data-end=\"81\">Nova ANEL LockFit podnja\u010da za ko\u0161nice<\/strong><br data-start=\"81\" data-end=\"84\" \/><em data-start=\"84\" data-end=\"185\">(Odvojiva plasti\u010dna ventilisana LR podnja\u010da sa fiokom i vratancima \u2013 dostupna u braon i beloj boji)<\/em><br data-start=\"185\" data-end=\"188\" \/>dizajnirana je da pru\u017ei maksimalnu funkcionalnost, stabilnost i ergonomiju svakom p\u010delaru. Ovo je podnja\u010da sa vi\u0161estrukim mogu\u0107nostima i potpunom kompatibilno\u0161\u0107u sa drvenim i plasti\u010dnim nastavcima, zahvaljuju\u0107i oja\u010danom obodnom ramu.<\/p>\n<p data-start=\"423\" data-end=\"451\">\ud83d\udd38 <strong data-start=\"426\" data-end=\"451\">Glavne karakteristike<\/strong><\/p>\n<ul data-start=\"453\" data-end=\"1622\">\n<li data-start=\"453\" data-end=\"532\">\n<p data-start=\"455\" data-end=\"532\">Mre\u017easta podloga sa sitom za odli\u010dnu ventilaciju i efikasnu kontrolu vlage.<\/p>\n<\/li>\n<li data-start=\"533\" data-end=\"651\">\n<p data-start=\"535\" data-end=\"651\">Sakuplja\u010dka fioka koja se mo\u017ee ubacivati i sa prednje i sa zadnje strane, \u0161to omogu\u0107ava ve\u0107u fleksibilnost u radu.<\/p>\n<\/li>\n<li data-start=\"652\" data-end=\"716\">\n<p data-start=\"654\" data-end=\"716\">Sa zadnje strane fioka se mo\u017ee fiksirati za trajnu upotrebu.<\/p>\n<\/li>\n<li data-start=\"717\" data-end=\"822\">\n<p data-start=\"719\" data-end=\"822\">Sa prednje strane, kada je uba\u010dena, fioka produ\u017eava poletnu dasku i omogu\u0107ava p\u010delama lak\u0161e sletanje.<\/p>\n<\/li>\n<li data-start=\"823\" data-end=\"945\">\n<p data-start=\"825\" data-end=\"945\">Vo\u0111ice za vertikalne pregradne daske \u2013 idealno za formiranje nukleusa, razrojavanje ili specifi\u010dne tehnike p\u010delarenja.<\/p>\n<\/li>\n<li data-start=\"946\" data-end=\"1078\">\n<p data-start=\"948\" data-end=\"1078\">Veliki otvori koji omogu\u0107avaju pri\u010dvr\u0161\u0107ivanje podnja\u010de za paletu, \u010dime se obezbe\u0111uje stabilnost tokom transporta i postavljanja.<\/p>\n<\/li>\n<li data-start=\"1079\" data-end=\"1187\">\n<p data-start=\"1081\" data-end=\"1187\">Oja\u010dani obodni ram koji garantuje savr\u0161eno naleganje na sve tipove nastavaka, bilo drvene ili plasti\u010dne.<\/p>\n<\/li>\n<li data-start=\"1188\" data-end=\"1275\">\n<p data-start=\"1190\" data-end=\"1275\">Mali obodni otvori koji omogu\u0107avaju trajno pri\u010dvr\u0161\u0107ivanje podnja\u010de za telo ko\u0161nice.<\/p>\n<\/li>\n<li data-start=\"1276\" data-end=\"1386\">\n<p data-start=\"1278\" data-end=\"1386\">Opcione crne no\u017eice koje se lako uklapaju na dno i spre\u010davaju ulazak zemlje i kamen\u010di\u0107a u otvore podnja\u010de.<\/p>\n<\/li>\n<li data-start=\"1387\" data-end=\"1498\">\n<p data-start=\"1389\" data-end=\"1498\">Specijalni prihvatni otvori za trenutno postavljanje <strong data-start=\"1442\" data-end=\"1453\">Big Guy<\/strong> sakuplja\u010da polena, bez dodatnih prepravki.<\/p>\n<\/li>\n<li data-start=\"1499\" data-end=\"1622\">\n<p data-start=\"1501\" data-end=\"1622\">Kada se podnja\u010da koristi kao odvojiva jedinica, spajanje sa nastavkom vr\u0161i se pomo\u0107u metalnih kop\u010di\/zatvara\u010da za ko\u0161nice.<\/p>\n<\/li>\n<\/ul>\n<p data-start=\"1624\" data-end=\"1724\">\ud83d\udd38 <strong data-start=\"1627\" data-end=\"1660\">Ulazna vrata (plava ili \u017euta)<\/strong><br data-start=\"1660\" data-end=\"1663\" \/>ANEL LockFit vrata pru\u017eaju sigurnost i jednostavno rukovanje:<\/p>\n<ul data-start=\"1726\" data-end=\"2011\">\n<li data-start=\"1726\" data-end=\"1825\">\n<p data-start=\"1728\" data-end=\"1825\">Spre\u010davaju ulazak osa, leptira \u201emrtva\u010dka glava\u201c, zmija ili mi\u0161eva, \u010dime \u0161tite p\u010delinje dru\u0161tvo.<\/p>\n<\/li>\n<li data-start=\"1826\" data-end=\"1904\">\n<p data-start=\"1828\" data-end=\"1904\">Za zatvaranje leta dovoljno je okrenuti vrata na punu stranu (bez otvora).<\/p>\n<\/li>\n<li data-start=\"1905\" data-end=\"2011\">\n<p data-start=\"1907\" data-end=\"2011\">Za skidanje vrata, lagano ih pritisnite ulevo ili udesno \u2013 mali zadnji klinovi omogu\u0107avaju lako va\u0111enje.<\/p>\n<\/li>\n<\/ul>\n<p data-start=\"2013\" data-end=\"2208\">\ud83d\udd38 <strong data-start=\"2016\" data-end=\"2042\">Fioka i pra\u0107enje varoe<\/strong><br data-start=\"2042\" data-end=\"2045\" \/>Fioka sadr\u017ei ucrtane mre\u017ene linije\/vodilice koje omogu\u0107avaju br\u017ee i preciznije brojanje varoe, pru\u017eaju\u0107i va\u017ene informacije o zdravstvenom stanju p\u010delinjeg dru\u0161tva.<\/p>\n","protected":false},"excerpt":{"rendered":"<p data-start=\"168\" data-end=\"454\">ANEL LockFit je <strong data-start=\"184\" data-end=\"245\">plasti\u010dna ventilisana podnja\u010da za Langstroth (LR) ko\u0161nice<\/strong>, projektovana za profesionalne i hobi p\u010delare. Podnja\u010da je u potpunosti <strong data-start=\"318\" data-end=\"369\">kompatibilna sa drvenim i plasti\u010dnim nastavcima<\/strong>, zahvaljuju\u0107i oja\u010danom obodnom ramu koji obezbe\u0111uje savr\u0161eno naleganje i stabilnost.<\/p>\n<h3 data-start=\"456\" data-end=\"481\">Glavne karakteristike<\/h3>\n<ul data-start=\"483\" data-end=\"1429\">\n<li data-start=\"483\" data-end=\"574\">\n<p data-start=\"485\" data-end=\"574\">Ventilisana mre\u017easta podloga za efikasnu cirkulaciju vazduha i kontrolu vlage u ko\u0161nici<\/p>\n<\/li>\n<li data-start=\"575\" data-end=\"647\">\n<p data-start=\"577\" data-end=\"647\">Fioka koja se mo\u017ee ubacivati i vaditi sa <strong data-start=\"618\" data-end=\"645\">prednje i zadnje strane<\/strong><\/p>\n<\/li>\n<li data-start=\"648\" data-end=\"714\">\n<p data-start=\"650\" data-end=\"714\">Mogu\u0107nost fiksiranja fioke sa zadnje strane za trajnu upotrebu<\/p>\n<\/li>\n<li data-start=\"715\" data-end=\"793\">\n<p data-start=\"717\" data-end=\"793\">Prednje ubacivanje fioke produ\u017eava poletnu dasku i olak\u0161ava sletanje p\u010dela<\/p>\n<\/li>\n<li data-start=\"794\" data-end=\"890\">\n<p data-start=\"796\" data-end=\"890\">Vo\u0111ice za vertikalne pregradne daske \u2013 pogodno za formiranje nukleusa i razdvajanje dru\u0161tava<\/p>\n<\/li>\n<li data-start=\"891\" data-end=\"989\">\n<p data-start=\"893\" data-end=\"989\">Otvori za pri\u010dvr\u0161\u0107ivanje podnja\u010de za paletu, idealno za siguran transport i selidbu p\u010delinjaka<\/p>\n<\/li>\n<li data-start=\"990\" data-end=\"1071\">\n<p data-start=\"992\" data-end=\"1071\">Oja\u010dan obodni ram koji omogu\u0107ava kompatibilnost sa svim tipovima LR nastavaka<\/p>\n<\/li>\n<li data-start=\"1072\" data-end=\"1145\">\n<p data-start=\"1074\" data-end=\"1145\">Manji obodni otvori za trajno pri\u010dvr\u0161\u0107ivanje podnja\u010de za telo ko\u0161nice<\/p>\n<\/li>\n<li data-start=\"1146\" data-end=\"1228\">\n<p data-start=\"1148\" data-end=\"1228\">Opcione za\u0161titne no\u017eice koje spre\u010davaju ulazak zemlje i kamenja u donje otvore<\/p>\n<\/li>\n<li data-start=\"1229\" data-end=\"1330\">\n<p data-start=\"1231\" data-end=\"1330\">Pripremljeni otvori za direktnu ugradnju <strong data-start=\"1272\" data-end=\"1301\">Big Guy sakuplja\u010da polena<\/strong>, bez dodatnih modifikacija<\/p>\n<\/li>\n<li data-start=\"1331\" data-end=\"1429\">\n<p data-start=\"1333\" data-end=\"1429\">Mogu\u0107nost povezivanja sa nastavkom pomo\u0107u metalnih kop\u010di kada se koristi kao odvojiva podnja\u010da<\/p>\n<\/li>\n<li data-start=\"1331\" data-end=\"1429\">\n<h3 data-start=\"1431\" data-end=\"1447\">Ulazna vrata<\/h3>\n<p data-start=\"1449\" data-end=\"1586\">ANEL LockFit podnja\u010da dolazi sa ulaznim vratima (plava ili \u017euta boja) koja omogu\u0107avaju kontrolu leta i dodatnu za\u0161titu p\u010delinjeg dru\u0161tva.<\/p>\n<ul data-start=\"1588\" data-end=\"1762\">\n<li data-start=\"1588\" data-end=\"1645\">\n<p data-start=\"1590\" data-end=\"1645\">Spre\u010dava ulazak osa, mi\u0161eva, zmija i krupnih insekata<\/p>\n<\/li>\n<li data-start=\"1646\" data-end=\"1709\">\n<p data-start=\"1648\" data-end=\"1709\">Jednostavno zatvaranje okretanjem na punu stranu bez otvora<\/p>\n<\/li>\n<li data-start=\"1710\" data-end=\"1762\">\n<p data-start=\"1712\" data-end=\"1762\">Lako skidanje blagim pomeranjem ulevo ili udesno<\/p>\n<\/li>\n<\/ul>\n<h3 data-start=\"1764\" data-end=\"1790\">Fioka i kontrola varoe<\/h3>\n<p data-start=\"1792\" data-end=\"1961\">Fioka je opremljena <strong data-start=\"1812\" data-end=\"1863\">mre\u017enim linijama za lak\u0161e i br\u017ee brojanje varoe<\/strong>, \u0161to omogu\u0107ava precizno pra\u0107enje zdravstvenog stanja p\u010delinjeg dru\u0161tva bez uznemiravanja ko\u0161nice.<\/p>\n<h3 data-start=\"1963\" data-end=\"1980\">Dostupna boja<\/h3>\n<ul data-start=\"1982\" data-end=\"2000\">\n<li data-start=\"1991\" data-end=\"2000\">\n<p data-start=\"1993\" data-end=\"2000\">Braon<\/p>\n<\/li>\n<\/ul>\n<\/li>\n<\/ul>\n","protected":false},"featured_media":3716,"comment_status":"open","ping_status":"closed","template":"","meta":{"site-sidebar-layout":"default","site-content-layout":"","ast-site-content-layout":"default","site-content-style":"default","site-sidebar-style":"default","ast-global-header-display":"","ast-banner-title-visibility":"","ast-main-header-display":"","ast-hfb-above-header-display":"","ast-hfb-below-header-display":"","ast-hfb-mobile-header-display":"","site-post-title":"","ast-breadcrumbs-content":"","ast-featured-img":"","footer-sml-layout":"","ast-disable-related-posts":"","theme-transparent-header-meta":"default","adv-header-id-meta":"","stick-header-meta":"","header-above-stick-meta":"","header-main-stick-meta":"","header-below-stick-meta":"","astra-migrate-meta-layouts":"set","ast-page-background-enabled":"default","ast-page-background-meta":{"desktop":{"background-color":"var(--ast-global-color-4)","background-image":"","background-repeat":"repeat","background-position":"center center","background-size":"auto","background-attachment":"scroll","background-type":"","background-media":"","overlay-type":"","overlay-color":"","overlay-opacity":"","overlay-gradient":""},"tablet":{"background-color":"","background-image":"","background-repeat":"repeat","background-position":"center center","background-size":"auto","background-attachment":"scroll","background-type":"","background-media":"","overlay-type":"","overlay-color":"","overlay-opacity":"","overlay-gradient":""},"mobile":{"background-color":"","background-image":"","background-repeat":"repeat","background-position":"center center","background-size":"auto","background-attachment":"scroll","background-type":"","background-media":"","overlay-type":"","overlay-color":"","overlay-opacity":"","overlay-gradient":""}},"ast-content-background-meta":{"desktop":{"background-color":"var(--ast-global-color-5)","background-image":"","background-repeat":"repeat","background-position":"center center","background-size":"auto","background-attachment":"scroll","background-type":"","background-media":"","overlay-type":"","overlay-color":"","overlay-opacity":"","overlay-gradient":""},"tablet":{"background-color":"var(--ast-global-color-5)","background-image":"","background-repeat":"repeat","background-position":"center center","background-size":"auto","background-attachment":"scroll","background-type":"","background-media":"","overlay-type":"","overlay-color":"","overlay-opacity":"","overlay-gradient":""},"mobile":{"background-color":"var(--ast-global-color-5)","background-image":"","background-repeat":"repeat","background-position":"center center","background-size":"auto","background-attachment":"scroll","background-type":"","background-media":"","overlay-type":"","overlay-color":"","overlay-opacity":"","overlay-gradient":""}}},"product_brand":[],"product_cat":[45,48],"product_tag":[],"class_list":{"0":"post-3710","1":"product","2":"type-product","3":"status-publish","4":"has-post-thumbnail","6":"product_cat-anel-plasticna-podnjaca","7":"product_cat-kosnice-i-delovi-kosnica","8":"desktop-align-center","9":"tablet-align-left","10":"mobile-align-left","12":"first","13":"instock","14":"shipping-taxable","15":"purchasable","16":"product-type-simple","17":"add-to-wishlist-after_add_to_cart"},"_links":{"self":[{"href":"https:\/\/anelsrb.com\/prodavnica\/wp-json\/wp\/v2\/product\/3710","targetHints":{"allow":["GET"]}}],"collection":[{"href":"https:\/\/anelsrb.com\/prodavnica\/wp-json\/wp\/v2\/product"}],"about":[{"href":"https:\/\/anelsrb.com\/prodavnica\/wp-json\/wp\/v2\/types\/product"}],"replies":[{"embeddable":true,"href":"https:\/\/anelsrb.com\/prodavnica\/wp-json\/wp\/v2\/comments?post=3710"}],"wp:featuredmedia":[{"embeddable":true,"href":"https:\/\/anelsrb.com\/prodavnica\/wp-json\/wp\/v2\/media\/3716"}],"wp:attachment":[{"href":"https:\/\/anelsrb.com\/prodavnica\/wp-json\/wp\/v2\/media?parent=3710"}],"wp:term":[{"taxonomy":"product_brand","embeddable":true,"href":"https:\/\/anelsrb.com\/prodavnica\/wp-json\/wp\/v2\/product_brand?post=3710"},{"taxonomy":"product_cat","embeddable":true,"href":"https:\/\/anelsrb.com\/prodavnica\/wp-json\/wp\/v2\/product_cat?post=3710"},{"taxonomy":"product_tag","embeddable":true,"href":"https:\/\/anelsrb.com\/prodavnica\/wp-json\/wp\/v2\/product_tag?post=3710"}],"curies":[{"name":"wp","href":"https:\/\/api.w.org\/{rel}","templated":true}]}}