{"id":3745,"date":"2026-02-23T10:25:20","date_gmt":"2026-02-23T09:25:20","guid":{"rendered":"https:\/\/anelsrb.com\/prodavnica\/?post_type=product&#038;p=3745"},"modified":"2026-02-23T10:25:20","modified_gmt":"2026-02-23T09:25:20","slug":"mini-utovarivac-rs03","status":"publish","type":"product","link":"https:\/\/anelsrb.com\/prodavnica\/product\/mini-utovarivac-rs03\/","title":{"rendered":"Mini Utovariva\u010d RS03"},"content":{"rendered":"<table id=\"footable_32343\" class=\"foo-table ninja_footable foo_table_32343 ninja_table_unique_id_1902967471_32343 ui table ninja_search_left nt_type_legacy_table selectable celled hide_horizonal_borders striped vertical_centered footable-paging-right ninja_table_pro footable footable-1 footable-filtering footable-filtering-right breakpoint-lg\" data-ninja_table_instance=\"ninja_table_instance_0\" data-footable_id=\"32343\" data-filter-delay=\"1000\" aria-label=\"Mini Utovariva\u010d RS03 - shop\" data-unique_identifier=\"ninja_table_unique_id_1902967471_32343\">\n<thead>\n<tr class=\"footable-header\">\n<th class=\"ninja_column_0 ninja_clmn_nm_karakteristika footable-first-visible\" scope=\"col\">Karakteristika<\/th>\n<th class=\"ninja_column_1 ninja_clmn_nm_tehnicki_podatak footable-last-visible\" scope=\"col\">Tehni\u010dki podatak<\/th>\n<\/tr>\n<\/thead>\n<tbody>\n<tr class=\"ninja_table_row_0 nt_row_id_728\" data-row_id=\"728\">\n<td class=\"ninja_column_0 ninja_clmn_nm_karakteristika footable-first-visible\">Model<\/td>\n<td class=\"ninja_column_1 ninja_clmn_nm_tehnicki_podatak footable-last-visible\">Mini Utovariva\u010d RS03<\/td>\n<\/tr>\n<tr class=\"ninja_table_row_1 nt_row_id_729\" data-row_id=\"729\">\n<td class=\"ninja_column_0 ninja_clmn_nm_karakteristika footable-first-visible\">Radna masa ma\u0161ine<\/td>\n<td class=\"ninja_column_1 ninja_clmn_nm_tehnicki_podatak footable-last-visible\">639 kg<\/td>\n<\/tr>\n<tr class=\"ninja_table_row_2 nt_row_id_730\" data-row_id=\"730\">\n<td class=\"ninja_column_0 ninja_clmn_nm_karakteristika footable-first-visible\">Zapremina ka\u0161ike<\/td>\n<td class=\"ninja_column_1 ninja_clmn_nm_tehnicki_podatak footable-last-visible\">0.15 m3<\/td>\n<\/tr>\n<tr class=\"ninja_table_row_3 nt_row_id_731\" data-row_id=\"731\">\n<td class=\"ninja_column_0 ninja_clmn_nm_karakteristika footable-first-visible\">Nazivno optere\u0107enje (siguran teret)<\/td>\n<td class=\"ninja_column_1 ninja_clmn_nm_tehnicki_podatak footable-last-visible\">102 kg<\/td>\n<\/tr>\n<tr class=\"ninja_table_row_4 nt_row_id_732\" data-row_id=\"732\">\n<td class=\"ninja_column_0 ninja_clmn_nm_karakteristika footable-first-visible\">Maksimalno optere\u0107enje<\/td>\n<td class=\"ninja_column_1 ninja_clmn_nm_tehnicki_podatak footable-last-visible\">204 kg<\/td>\n<\/tr>\n<tr class=\"ninja_table_row_5 nt_row_id_733\" data-row_id=\"733\">\n<td class=\"ninja_column_0 ninja_clmn_nm_karakteristika footable-first-visible\">Brzina vo\u017enje (nisko\/visoko)<\/td>\n<td class=\"ninja_column_1 ninja_clmn_nm_tehnicki_podatak footable-last-visible\">0\u20132.5 km\/h<\/td>\n<\/tr>\n<tr class=\"ninja_table_row_6 nt_row_id_734\" data-row_id=\"734\">\n<td class=\"ninja_column_0 ninja_clmn_nm_karakteristika footable-first-visible\">Savladavanje nagiba (gradeability)<\/td>\n<td class=\"ninja_column_1 ninja_clmn_nm_tehnicki_podatak footable-last-visible\">25 %<\/td>\n<\/tr>\n<tr class=\"ninja_table_row_7 nt_row_id_735\" data-row_id=\"735\">\n<td class=\"ninja_column_0 ninja_clmn_nm_karakteristika footable-first-visible\">Pritisak na podlogu<\/td>\n<td class=\"ninja_column_1 ninja_clmn_nm_tehnicki_podatak footable-last-visible\">22.5 kPa<\/td>\n<\/tr>\n<tr class=\"ninja_table_row_8 nt_row_id_736\" data-row_id=\"736\">\n<td class=\"ninja_column_0 ninja_clmn_nm_karakteristika footable-first-visible\">Maksimalna visina istovara<\/td>\n<td class=\"ninja_column_1 ninja_clmn_nm_tehnicki_podatak footable-last-visible\">1553 mm<\/td>\n<\/tr>\n<tr class=\"ninja_table_row_9 nt_row_id_737\" data-row_id=\"737\">\n<td class=\"ninja_column_0 ninja_clmn_nm_karakteristika footable-first-visible\">Maksimalna visina podizanja<\/td>\n<td class=\"ninja_column_1 ninja_clmn_nm_tehnicki_podatak footable-last-visible\">2259 mm<\/td>\n<\/tr>\n<tr class=\"ninja_table_row_10 nt_row_id_738\" data-row_id=\"738\">\n<td class=\"ninja_column_0 ninja_clmn_nm_karakteristika footable-first-visible\">Maksimalno rastojanje istovara<\/td>\n<td class=\"ninja_column_1 ninja_clmn_nm_tehnicki_podatak footable-last-visible\">620 mm<\/td>\n<\/tr>\n<tr class=\"ninja_table_row_11 nt_row_id_739\" data-row_id=\"739\">\n<td class=\"ninja_column_0 ninja_clmn_nm_karakteristika footable-first-visible\">Minimalno odstojanje od tla<\/td>\n<td class=\"ninja_column_1 ninja_clmn_nm_tehnicki_podatak footable-last-visible\">129 mm<\/td>\n<\/tr>\n<tr class=\"ninja_table_row_12 nt_row_id_740\" data-row_id=\"740\">\n<td class=\"ninja_column_0 ninja_clmn_nm_karakteristika footable-first-visible\">Transportna du\u017eina sa ka\u0161ikom<\/td>\n<td class=\"ninja_column_1 ninja_clmn_nm_tehnicki_podatak footable-last-visible\">2100 mm<\/td>\n<\/tr>\n<tr class=\"ninja_table_row_13 nt_row_id_741\" data-row_id=\"741\">\n<td class=\"ninja_column_0 ninja_clmn_nm_karakteristika footable-first-visible\">Transportna du\u017eina bez ka\u0161ike<\/td>\n<td class=\"ninja_column_1 ninja_clmn_nm_tehnicki_podatak footable-last-visible\">1638 mm<\/td>\n<\/tr>\n<tr class=\"ninja_table_row_14 nt_row_id_742\" data-row_id=\"742\">\n<td class=\"ninja_column_0 ninja_clmn_nm_karakteristika footable-first-visible\">Transportna \u0161irina<\/td>\n<td class=\"ninja_column_1 ninja_clmn_nm_tehnicki_podatak footable-last-visible\">1150 mm<\/td>\n<\/tr>\n<tr class=\"ninja_table_row_15 nt_row_id_743\" data-row_id=\"743\">\n<td class=\"ninja_column_0 ninja_clmn_nm_karakteristika footable-first-visible\">Transportna visina<\/td>\n<td class=\"ninja_column_1 ninja_clmn_nm_tehnicki_podatak footable-last-visible\">1361 mm<\/td>\n<\/tr>\n<tr class=\"ninja_table_row_16 nt_row_id_744\" data-row_id=\"744\">\n<td class=\"ninja_column_0 ninja_clmn_nm_karakteristika footable-first-visible\">\u0160irina ka\u0161ike<\/td>\n<td class=\"ninja_column_1 ninja_clmn_nm_tehnicki_podatak footable-last-visible\">1150 mm<\/td>\n<\/tr>\n<tr class=\"ninja_table_row_17 nt_row_id_745\" data-row_id=\"745\">\n<td class=\"ninja_column_0 ninja_clmn_nm_karakteristika footable-first-visible\">Marka motora<\/td>\n<td class=\"ninja_column_1 ninja_clmn_nm_tehnicki_podatak footable-last-visible\">Briggs &amp; Stratton<\/td>\n<\/tr>\n<tr class=\"ninja_table_row_18 nt_row_id_746\" data-row_id=\"746\">\n<td class=\"ninja_column_0 ninja_clmn_nm_karakteristika footable-first-visible\">Model motora<\/td>\n<td class=\"ninja_column_1 ninja_clmn_nm_tehnicki_podatak footable-last-visible\">XR2100<\/td>\n<\/tr>\n<tr class=\"ninja_table_row_19 nt_row_id_747\" data-row_id=\"747\">\n<td class=\"ninja_column_0 ninja_clmn_nm_karakteristika footable-first-visible\">Maksimalna snaga (HP)<\/td>\n<td class=\"ninja_column_1 ninja_clmn_nm_tehnicki_podatak footable-last-visible\">11.3 HP<\/td>\n<\/tr>\n<tr class=\"ninja_table_row_20 nt_row_id_748\" data-row_id=\"748\">\n<td class=\"ninja_column_0 ninja_clmn_nm_karakteristika footable-first-visible\">Maksimalna snaga (kW)<\/td>\n<td class=\"ninja_column_1 ninja_clmn_nm_tehnicki_podatak footable-last-visible\">8.4 kW<\/td>\n<\/tr>\n<tr class=\"ninja_table_row_21 nt_row_id_749\" data-row_id=\"749\">\n<td class=\"ninja_column_0 ninja_clmn_nm_karakteristika footable-first-visible\">Maksimalni broj obrtaja<\/td>\n<td class=\"ninja_column_1 ninja_clmn_nm_tehnicki_podatak footable-last-visible\">3600 o\/min<\/td>\n<\/tr>\n<tr class=\"ninja_table_row_22 nt_row_id_750\" data-row_id=\"750\">\n<td class=\"ninja_column_0 ninja_clmn_nm_karakteristika footable-first-visible\">Zapremina motora<\/td>\n<td class=\"ninja_column_1 ninja_clmn_nm_tehnicki_podatak footable-last-visible\">0.42 L<\/td>\n<\/tr>\n<tr class=\"ninja_table_row_23 nt_row_id_751\" data-row_id=\"751\">\n<td class=\"ninja_column_0 ninja_clmn_nm_karakteristika footable-first-visible\">Broj cilindara<\/td>\n<td class=\"ninja_column_1 ninja_clmn_nm_tehnicki_podatak footable-last-visible\">1<\/td>\n<\/tr>\n<tr class=\"ninja_table_row_24 nt_row_id_752\" data-row_id=\"752\">\n<td class=\"ninja_column_0 ninja_clmn_nm_karakteristika footable-first-visible\">Hla\u0111enje<\/td>\n<td class=\"ninja_column_1 ninja_clmn_nm_tehnicki_podatak footable-last-visible\">Vazdu\u0161no hla\u0111enje<\/td>\n<\/tr>\n<tr class=\"ninja_table_row_25 nt_row_id_753\" data-row_id=\"753\">\n<td class=\"ninja_column_0 ninja_clmn_nm_karakteristika footable-first-visible\">Koli\u010dina ulja u motoru<\/td>\n<td class=\"ninja_column_1 ninja_clmn_nm_tehnicki_podatak footable-last-visible\">1.2 L<\/td>\n<\/tr>\n<tr class=\"ninja_table_row_26 nt_row_id_754\" data-row_id=\"754\">\n<td class=\"ninja_column_0 ninja_clmn_nm_karakteristika footable-first-visible\">Vrsta goriva<\/td>\n<td class=\"ninja_column_1 ninja_clmn_nm_tehnicki_podatak footable-last-visible\">Benzin<\/td>\n<\/tr>\n<tr class=\"ninja_table_row_27 nt_row_id_755\" data-row_id=\"755\">\n<td class=\"ninja_column_0 ninja_clmn_nm_karakteristika footable-first-visible\">Oktanski broj goriva<\/td>\n<td class=\"ninja_column_1 ninja_clmn_nm_tehnicki_podatak footable-last-visible\">92#<\/td>\n<\/tr>\n<tr class=\"ninja_table_row_28 nt_row_id_756\" data-row_id=\"756\">\n<td class=\"ninja_column_0 ninja_clmn_nm_karakteristika footable-first-visible\">Teorijska potro\u0161nja goriva<\/td>\n<td class=\"ninja_column_1 ninja_clmn_nm_tehnicki_podatak footable-last-visible\">0.8\u20131.2 L\/h<\/td>\n<\/tr>\n<tr class=\"ninja_table_row_29 nt_row_id_757\" data-row_id=\"757\">\n<td class=\"ninja_column_0 ninja_clmn_nm_karakteristika footable-first-visible\">Tip glavne pumpe<\/td>\n<td class=\"ninja_column_1 ninja_clmn_nm_tehnicki_podatak footable-last-visible\">Zup\u010dasta pumpa PGP51044SLP<\/td>\n<\/tr>\n<tr class=\"ninja_table_row_30 nt_row_id_758\" data-row_id=\"758\">\n<td class=\"ninja_column_0 ninja_clmn_nm_karakteristika footable-first-visible\">Proizvo\u0111a\u010d glavne pumpe<\/td>\n<td class=\"ninja_column_1 ninja_clmn_nm_tehnicki_podatak footable-last-visible\">Tianjin Walking<\/td>\n<\/tr>\n<tr class=\"ninja_table_row_31 nt_row_id_759\" data-row_id=\"759\">\n<td class=\"ninja_column_0 ninja_clmn_nm_karakteristika footable-first-visible\">Tip razvodnog ventila<\/td>\n<td class=\"ninja_column_1 ninja_clmn_nm_tehnicki_podatak footable-last-visible\">Mehani\u010dki razvodni ventili \u00d73<\/td>\n<\/tr>\n<tr class=\"ninja_table_row_32 nt_row_id_760\" data-row_id=\"760\">\n<td class=\"ninja_column_0 ninja_clmn_nm_karakteristika footable-first-visible\">Proizvo\u0111a\u010d razvodnog ventila<\/td>\n<td class=\"ninja_column_1 ninja_clmn_nm_tehnicki_podatak footable-last-visible\">Tengfei<\/td>\n<\/tr>\n<tr class=\"ninja_table_row_33 nt_row_id_761\" data-row_id=\"761\">\n<td class=\"ninja_column_0 ninja_clmn_nm_karakteristika footable-first-visible\">Marka hidromotora pogona<\/td>\n<td class=\"ninja_column_1 ninja_clmn_nm_tehnicki_podatak footable-last-visible\">Luke<\/td>\n<\/tr>\n<\/tbody>\n<\/table>\n<p data-start=\"242\" data-end=\"586\"><strong>Mini utovariva\u010d RS03\u00a0 je profesionalni stand-on guseni\u010darski utovariva\u010d dizajniran za efikasan rad u uskim i zahtevnim uslovima.<\/strong><\/p>\n<p data-start=\"242\" data-end=\"586\">Zahvaljuju\u0107i kompaktnim dimenzijama (\u0161irina oko 85 cm), sna\u017enom hidrauli\u010dnom sistemu i \u0161irokom spektru priklju\u010daka, RS03 je idealno re\u0161enje za poljoprivredu, komunalne slu\u017ebe, pejza\u017ene i gra\u0111evinske radove.<\/p>\n<p data-start=\"588\" data-end=\"933\">Pokre\u0107e ga pouzdani Briggs &amp; Stratton XR2100 benzinski motor sa niskom potro\u0161njom goriva i dugim radnim vekom, dok trostruki hidrauli\u010dni sistem (36 + 18 + 18 L\/min) obezbe\u0111uje stabilnu snagu i preciznu kontrolu \u010dak i pri radu sa zahtevnim hidrauli\u010dnim priklju\u010dcima. Direktna veza pumpe i motora smanjuje gubitke i potrebu za odr\u017eavanjem.<\/p>\n<p data-start=\"935\" data-end=\"1310\">Guseni\u010darska \u0161asija omogu\u0107ava odli\u010dno prianjanje, stabilnost i mali pritisak na podlogu, dok upravljanje jednom rukom preko multifunkcionalne poluge pru\u017ea maksimalnu kontrolu i sigurnost. RS03 je opremljen Quick-Attach sistemom, koji omogu\u0107ava brzu zamenu vi\u0161e od 20 razli\u010ditih priklju\u010daka \u2013 od ka\u0161ika i vilju\u0161ki do hidrauli\u010dnog \u010deki\u0107a, bu\u0161ilica, freza i \u010dista\u010da.<\/p>\n<p data-start=\"1312\" data-end=\"1559\">Zahvaljuju\u0107i sna\u017enoj konstrukciji, radnoj nosivosti do oko 210 kg i niskom te\u017ei\u0161tu, mini utovariva\u010d RS03 predstavlja pouzdanu, ekonomi\u010dnu i vi\u0161enamensku ma\u0161inu koja zamenjuje vi\u0161e razli\u010ditih ure\u0111aja i zna\u010dajno pove\u0107ava produktivnost na terenu.<\/p>\n<div class=\"elementor-element elementor-element-786b718 wd-width-100 elementor-widget elementor-widget-wd_title\" data-id=\"786b718\" data-element_type=\"widget\" data-widget_type=\"wd_title.default\">\n<div class=\"elementor-widget-container\">\n<div class=\"title-wrapper wd-set-mb reset-last-child wd-title-color-primary wd-title-style-simple wd-title-size-default text-left\">\n<div class=\"liner-continer\">\n<h2 class=\"woodmart-title-container title wd-fontsize-l wd-underline-colored\">Energetski efikasan B&amp;S XR2100 motor<\/h2>\n<\/div>\n<\/div>\n<\/div>\n<\/div>\n<div class=\"elementor-element elementor-element-db88340 elementor-widget elementor-widget-wd_text_block\" data-id=\"db88340\" data-element_type=\"widget\" data-widget_type=\"wd_text_block.default\">\n<div class=\"elementor-widget-container\">\n<div class=\"wd-text-block reset-last-child text-left\">\n<p><strong data-start=\"183\" data-end=\"203\">B&amp;S XR2100 motor<\/strong>\u00a0kombinuje kompaktan dizajn sa sna\u017enim performansama, pru\u017eaju\u0107i nisku potro\u0161nju goriva, minimalne vibracije i tihi rad. Zahvaljuju\u0107i naprednoj tehnologiji, motor posti\u017ee visok nivo ekolo\u0161ke za\u0161tite, \u010dine\u0107i ga pouzdanim, ekonomi\u010dnim i ekolo\u0161ki prihvatljivim re\u0161enjem za profesionalne ma\u0161ine.<\/p>\n<div class=\"elementor-element elementor-element-163082c wd-width-100 elementor-widget elementor-widget-wd_title\" data-id=\"163082c\" data-element_type=\"widget\" data-widget_type=\"wd_title.default\">\n<div class=\"elementor-widget-container\">\n<div class=\"title-wrapper wd-set-mb reset-last-child wd-title-color-default wd-title-style-default wd-title-size-default text-left\">\n<div class=\"liner-continer\">\n<h2 class=\"woodmart-title-container title wd-fontsize-l\">Vi\u0161enamenski nosa\u010d alata<\/h2>\n<\/div>\n<\/div>\n<\/div>\n<\/div>\n<div class=\"elementor-element elementor-element-f0b095f elementor-widget elementor-widget-wd_text_block\" data-id=\"f0b095f\" data-element_type=\"widget\" data-widget_type=\"wd_text_block.default\">\n<div class=\"elementor-widget-container\">\n<div class=\"wd-text-block reset-last-child text-left\">\n<p>Mini utovariva\u010d RS03 nudi vi\u0161enamenski nosa\u010d alata koji omogu\u0107ava kori\u0161\u0107enje \u0161irokog spektra priklju\u010daka za razli\u010dite zadatke. Sa sna\u017enim performansama, efikasnim dizajnom i pouzdanim brendom, RS03 je idealno re\u0161enje za poljoprivredu, komunalne poslove i gra\u0111evinske radove, pove\u0107avaju\u0107i produktivnost i prilagodljivost ma\u0161ine.<\/p>\n<\/div>\n<\/div>\n<\/div>\n<\/div>\n<\/div>\n<\/div>\n","protected":false},"excerpt":{"rendered":"<p>Mini utovariva\u010d RS03 je profesionalni guseni\u010darski utovariva\u010d koji kombinuje sna\u017ean Briggs &amp; Stratton motor, stabilan hidrauli\u010dni sistem i kompaktne dimenzije za rad u uskim prostorima. Kompatibilan je sa vi\u0161e od 20 priklju\u010daka zahvaljuju\u0107i Quick-Attach sistemu, \u0161to ga \u010dini izuzetno fleksibilnim za poljoprivredu, komunalne i gra\u0111evinske radove.<\/p>\n<div class=\"elementor-element elementor-element-b97c86c e-con-full e-flex e-con e-child\" data-id=\"b97c86c\" data-element_type=\"container\">\n<div class=\"elementor-element elementor-element-f9328e8 elementor-widget__width-auto wd-width-100 elementor-widget elementor-widget-wd_title\" data-id=\"f9328e8\" data-element_type=\"widget\" data-widget_type=\"wd_title.default\">\n<div class=\"elementor-widget-container\">\n<div class=\"title-wrapper wd-set-mb reset-last-child wd-title-color-default wd-title-style-default wd-title-size-default text-left\">\n<div class=\"liner-continer\">\n<h2 class=\"woodmart-title-container title wd-fontsize-l\">Tehni\u010dke karakteristike<\/h2>\n<\/div>\n<\/div>\n<\/div>\n<\/div>\n<div class=\"elementor-element elementor-element-3d7c1af elementor-widget-divider--view-line elementor-widget elementor-widget-divider\" data-id=\"3d7c1af\" data-element_type=\"widget\" data-widget_type=\"divider.default\">\n<div class=\"elementor-divider\"><\/div>\n<\/div>\n<\/div>\n<div class=\"elementor-element elementor-element-e9d2ee5 e-con-full e-flex e-con e-child\" data-id=\"e9d2ee5\" data-element_type=\"container\">\n<div class=\"elementor-element elementor-element-8e9f9ab e-con-full e-flex e-con e-child\" data-id=\"8e9f9ab\" data-element_type=\"container\">\n<div class=\"elementor-element elementor-element-59fd244 elementor-widget elementor-widget-wd_button\" data-id=\"59fd244\" data-element_type=\"widget\" data-widget_type=\"wd_button.default\">\n<div class=\"elementor-widget-container\">\n<div class=\"wd-button-wrapper text-left\"><a class=\"btn btn-style-bordered btn-shape-rectangle btn-size-large btn-icon-pos-right\" href=\"https:\/\/axpan.rs\/wp-content\/uploads\/2025\/12\/mini-utovarivac-rs03.pdf\"><span class=\"wd-btn-text\" data-elementor-setting-key=\"text\">BRO\u0160URA<\/span><\/a><\/div>\n<\/div>\n<\/div>\n<\/div>\n<div class=\"elementor-element elementor-element-38b88f7 e-con-full e-flex e-con e-child\" data-id=\"38b88f7\" data-element_type=\"container\">\n<div class=\"elementor-element elementor-element-30954c0 elementor-widget elementor-widget-wd_list\" data-id=\"30954c0\" data-element_type=\"widget\" data-widget_type=\"wd_list.default\">\n<div class=\"elementor-widget-container\">\n<ul class=\"wd-list color-scheme-light wd-fontsize-xs wd-type-icon wd-style-default text-left\">\n<li class=\"elementor-repeater-item-1655242\"><span class=\"wd-list-content list-content\">Motor Briggs &amp; Stratton XR2100<\/span><\/li>\n<li class=\"elementor-repeater-item-8990181\"><span class=\"wd-list-content list-content\">Snaga motora 11,3 HP (8,4 kW)<\/span><\/li>\n<li class=\"elementor-repeater-item-7652782\"><span class=\"wd-list-content list-content\">Hidraulika: Trostruka pumpa 72 L\/min<\/span><\/li>\n<li class=\"elementor-repeater-item-238d407\"><span class=\"wd-list-content list-content\">Pogon Guseni\u010darski<\/span><\/li>\n<li class=\"elementor-repeater-item-b5a6fce\"><span class=\"wd-list-content list-content\">Radna nosivost do 204 kg<\/span><\/li>\n<\/ul>\n<\/div>\n<\/div>\n<\/div>\n<div class=\"elementor-element elementor-element-f9afbc0 e-con-full e-flex e-con e-child\" data-id=\"f9afbc0\" data-element_type=\"container\">\n<div class=\"elementor-element elementor-element-3dd33fe elementor-widget elementor-widget-wd_list\" data-id=\"3dd33fe\" data-element_type=\"widget\" data-widget_type=\"wd_list.default\">\n<div class=\"elementor-widget-container\">\n<ul class=\"wd-list color-scheme-light wd-fontsize-xs wd-type-icon wd-style-default text-left\">\n<li class=\"elementor-repeater-item-1655242\"><span class=\"wd-list-content list-content\">\u0160irina oko 85 cm<\/span><\/li>\n<li class=\"elementor-repeater-item-8990181\"><span class=\"wd-list-content list-content\">Max visina podizanja 2.259 mm<\/span><\/li>\n<li class=\"elementor-repeater-item-7652782\"><span class=\"wd-list-content list-content\">Visina istovara 1.553 mm<\/span><\/li>\n<li class=\"elementor-repeater-item-238d407\"><span class=\"wd-list-content list-content\">Quick-Attach sistem<\/span><\/li>\n<li class=\"elementor-repeater-item-b5a6fce\"><span class=\"wd-list-content list-content\">Vi\u0161e od 20 priklju\u010daka<\/span><\/li>\n<\/ul>\n<\/div>\n<\/div>\n<\/div>\n<\/div>\n","protected":false},"featured_media":3750,"comment_status":"open","ping_status":"closed","template":"","meta":{"site-sidebar-layout":"default","site-content-layout":"","ast-site-content-layout":"default","site-content-style":"default","site-sidebar-style":"default","ast-global-header-display":"","ast-banner-title-visibility":"","ast-main-header-display":"","ast-hfb-above-header-display":"","ast-hfb-below-header-display":"","ast-hfb-mobile-header-display":"","site-post-title":"","ast-breadcrumbs-content":"","ast-featured-img":"","footer-sml-layout":"","ast-disable-related-posts":"","theme-transparent-header-meta":"default","adv-header-id-meta":"","stick-header-meta":"","header-above-stick-meta":"","header-main-stick-meta":"","header-below-stick-meta":"","astra-migrate-meta-layouts":"set","ast-page-background-enabled":"default","ast-page-background-meta":{"desktop":{"background-color":"var(--ast-global-color-4)","background-image":"","background-repeat":"repeat","background-position":"center center","background-size":"auto","background-attachment":"scroll","background-type":"","background-media":"","overlay-type":"","overlay-color":"","overlay-opacity":"","overlay-gradient":""},"tablet":{"background-color":"","background-image":"","background-repeat":"repeat","background-position":"center center","background-size":"auto","background-attachment":"scroll","background-type":"","background-media":"","overlay-type":"","overlay-color":"","overlay-opacity":"","overlay-gradient":""},"mobile":{"background-color":"","background-image":"","background-repeat":"repeat","background-position":"center center","background-size":"auto","background-attachment":"scroll","background-type":"","background-media":"","overlay-type":"","overlay-color":"","overlay-opacity":"","overlay-gradient":""}},"ast-content-background-meta":{"desktop":{"background-color":"var(--ast-global-color-5)","background-image":"","background-repeat":"repeat","background-position":"center center","background-size":"auto","background-attachment":"scroll","background-type":"","background-media":"","overlay-type":"","overlay-color":"","overlay-opacity":"","overlay-gradient":""},"tablet":{"background-color":"var(--ast-global-color-5)","background-image":"","background-repeat":"repeat","background-position":"center center","background-size":"auto","background-attachment":"scroll","background-type":"","background-media":"","overlay-type":"","overlay-color":"","overlay-opacity":"","overlay-gradient":""},"mobile":{"background-color":"var(--ast-global-color-5)","background-image":"","background-repeat":"repeat","background-position":"center center","background-size":"auto","background-attachment":"scroll","background-type":"","background-media":"","overlay-type":"","overlay-color":"","overlay-opacity":"","overlay-gradient":""}}},"product_brand":[],"product_cat":[129],"product_tag":[],"class_list":{"0":"post-3745","1":"product","2":"type-product","3":"status-publish","4":"has-post-thumbnail","6":"product_cat-masine-i-oprema-opste-namene","7":"desktop-align-center","8":"tablet-align-left","9":"mobile-align-left","11":"first","12":"instock","13":"shipping-taxable","14":"purchasable","15":"product-type-simple","16":"add-to-wishlist-after_add_to_cart"},"_links":{"self":[{"href":"https:\/\/anelsrb.com\/prodavnica\/wp-json\/wp\/v2\/product\/3745","targetHints":{"allow":["GET"]}}],"collection":[{"href":"https:\/\/anelsrb.com\/prodavnica\/wp-json\/wp\/v2\/product"}],"about":[{"href":"https:\/\/anelsrb.com\/prodavnica\/wp-json\/wp\/v2\/types\/product"}],"replies":[{"embeddable":true,"href":"https:\/\/anelsrb.com\/prodavnica\/wp-json\/wp\/v2\/comments?post=3745"}],"wp:featuredmedia":[{"embeddable":true,"href":"https:\/\/anelsrb.com\/prodavnica\/wp-json\/wp\/v2\/media\/3750"}],"wp:attachment":[{"href":"https:\/\/anelsrb.com\/prodavnica\/wp-json\/wp\/v2\/media?parent=3745"}],"wp:term":[{"taxonomy":"product_brand","embeddable":true,"href":"https:\/\/anelsrb.com\/prodavnica\/wp-json\/wp\/v2\/product_brand?post=3745"},{"taxonomy":"product_cat","embeddable":true,"href":"https:\/\/anelsrb.com\/prodavnica\/wp-json\/wp\/v2\/product_cat?post=3745"},{"taxonomy":"product_tag","embeddable":true,"href":"https:\/\/anelsrb.com\/prodavnica\/wp-json\/wp\/v2\/product_tag?post=3745"}],"curies":[{"name":"wp","href":"https:\/\/api.w.org\/{rel}","templated":true}]}}