{"id":3785,"date":"2026-03-18T12:05:04","date_gmt":"2026-03-18T11:05:04","guid":{"rendered":"https:\/\/anelsrb.com\/prodavnica\/?post_type=product&#038;p=3785"},"modified":"2026-03-18T12:05:04","modified_gmt":"2026-03-18T11:05:04","slug":"anel-ventilacioni-cep-za-kosnicu-sa-mrezom","status":"publish","type":"product","link":"https:\/\/anelsrb.com\/prodavnica\/product\/anel-ventilacioni-cep-za-kosnicu-sa-mrezom\/","title":{"rendered":"Anel ventilacioni \u010dep za ko\u0161nicu sa mre\u017eom"},"content":{"rendered":"<p data-start=\"636\" data-end=\"894\">Ventilacioni \u010dep za ko\u0161nicu sa ugra\u0111enom mre\u017eom predstavlja prakti\u010dno re\u0161enje za kontrolu ventilacije u p\u010delinjim dru\u0161tvima. Zahvaljuju\u0107i kvalitetnoj izradi od izdr\u017eljive plastike, ovaj \u010dep omogu\u0107ava protok vazduha uz istovremenu za\u0161titu od ulaska \u0161teto\u010dina.<\/p>\n<p data-start=\"896\" data-end=\"1123\">Idealan je za upotrebu tokom cele godine \u2013 poma\u017ee u smanjenju vlage u ko\u0161nici, reguli\u0161e temperaturu i doprinosi zdravijem razvoju p\u010dela. Posebno je koristan prilikom transporta p\u010dela, kada je neophodna kontrolisana ventilacija.<\/p>\n<p data-start=\"1125\" data-end=\"1247\">Kompatibilan je sa ANEL plasti\u010dnim ko\u0161nicama, ali se mo\u017ee koristiti i na drugim tipovima ko\u0161nica sa odgovaraju\u0107im otvorom.<\/p>\n","protected":false},"excerpt":{"rendered":"<p>Ventilacioni \u010dep za ko\u0161nicu sa ugra\u0111enom mre\u017eom predstavlja prakti\u010dno re\u0161enje za kontrolu ventilacije u p\u010delinjim dru\u0161tvima. Zahvaljuju\u0107i kvalitetnoj izradi od izdr\u017eljive plastike, ovaj \u010dep omogu\u0107ava protok vazduha uz istovremenu za\u0161titu od ulaska \u0161teto\u010dina.<\/p>\n","protected":false},"featured_media":3787,"comment_status":"open","ping_status":"closed","template":"","meta":{"site-sidebar-layout":"default","site-content-layout":"","ast-site-content-layout":"default","site-content-style":"default","site-sidebar-style":"default","ast-global-header-display":"","ast-banner-title-visibility":"","ast-main-header-display":"","ast-hfb-above-header-display":"","ast-hfb-below-header-display":"","ast-hfb-mobile-header-display":"","site-post-title":"","ast-breadcrumbs-content":"","ast-featured-img":"","footer-sml-layout":"","ast-disable-related-posts":"","theme-transparent-header-meta":"default","adv-header-id-meta":"","stick-header-meta":"","header-above-stick-meta":"","header-main-stick-meta":"","header-below-stick-meta":"","astra-migrate-meta-layouts":"set","ast-page-background-enabled":"default","ast-page-background-meta":{"desktop":{"background-color":"var(--ast-global-color-4)","background-image":"","background-repeat":"repeat","background-position":"center center","background-size":"auto","background-attachment":"scroll","background-type":"","background-media":"","overlay-type":"","overlay-color":"","overlay-opacity":"","overlay-gradient":""},"tablet":{"background-color":"","background-image":"","background-repeat":"repeat","background-position":"center center","background-size":"auto","background-attachment":"scroll","background-type":"","background-media":"","overlay-type":"","overlay-color":"","overlay-opacity":"","overlay-gradient":""},"mobile":{"background-color":"","background-image":"","background-repeat":"repeat","background-position":"center center","background-size":"auto","background-attachment":"scroll","background-type":"","background-media":"","overlay-type":"","overlay-color":"","overlay-opacity":"","overlay-gradient":""}},"ast-content-background-meta":{"desktop":{"background-color":"var(--ast-global-color-5)","background-image":"","background-repeat":"repeat","background-position":"center center","background-size":"auto","background-attachment":"scroll","background-type":"","background-media":"","overlay-type":"","overlay-color":"","overlay-opacity":"","overlay-gradient":""},"tablet":{"background-color":"var(--ast-global-color-5)","background-image":"","background-repeat":"repeat","background-position":"center center","background-size":"auto","background-attachment":"scroll","background-type":"","background-media":"","overlay-type":"","overlay-color":"","overlay-opacity":"","overlay-gradient":""},"mobile":{"background-color":"var(--ast-global-color-5)","background-image":"","background-repeat":"repeat","background-position":"center center","background-size":"auto","background-attachment":"scroll","background-type":"","background-media":"","overlay-type":"","overlay-color":"","overlay-opacity":"","overlay-gradient":""}}},"product_brand":[],"product_cat":[54,48],"product_tag":[],"class_list":{"0":"post-3785","1":"product","2":"type-product","3":"status-publish","4":"has-post-thumbnail","6":"product_cat-dodaci-z-kosnuice","7":"product_cat-kosnice-i-delovi-kosnica","8":"desktop-align-center","9":"tablet-align-left","10":"mobile-align-left","12":"first","13":"instock","14":"sale","15":"shipping-taxable","16":"purchasable","17":"product-type-simple","18":"add-to-wishlist-after_add_to_cart"},"_links":{"self":[{"href":"https:\/\/anelsrb.com\/prodavnica\/wp-json\/wp\/v2\/product\/3785","targetHints":{"allow":["GET"]}}],"collection":[{"href":"https:\/\/anelsrb.com\/prodavnica\/wp-json\/wp\/v2\/product"}],"about":[{"href":"https:\/\/anelsrb.com\/prodavnica\/wp-json\/wp\/v2\/types\/product"}],"replies":[{"embeddable":true,"href":"https:\/\/anelsrb.com\/prodavnica\/wp-json\/wp\/v2\/comments?post=3785"}],"wp:featuredmedia":[{"embeddable":true,"href":"https:\/\/anelsrb.com\/prodavnica\/wp-json\/wp\/v2\/media\/3787"}],"wp:attachment":[{"href":"https:\/\/anelsrb.com\/prodavnica\/wp-json\/wp\/v2\/media?parent=3785"}],"wp:term":[{"taxonomy":"product_brand","embeddable":true,"href":"https:\/\/anelsrb.com\/prodavnica\/wp-json\/wp\/v2\/product_brand?post=3785"},{"taxonomy":"product_cat","embeddable":true,"href":"https:\/\/anelsrb.com\/prodavnica\/wp-json\/wp\/v2\/product_cat?post=3785"},{"taxonomy":"product_tag","embeddable":true,"href":"https:\/\/anelsrb.com\/prodavnica\/wp-json\/wp\/v2\/product_tag?post=3785"}],"curies":[{"name":"wp","href":"https:\/\/api.w.org\/{rel}","templated":true}]}}