{"id":3788,"date":"2026-03-18T12:26:55","date_gmt":"2026-03-18T11:26:55","guid":{"rendered":"https:\/\/anelsrb.com\/prodavnica\/?post_type=product&#038;p=3788"},"modified":"2026-03-18T12:26:55","modified_gmt":"2026-03-18T11:26:55","slug":"anel-cep-za-leto-i-ishranu","status":"publish","type":"product","link":"https:\/\/anelsrb.com\/prodavnica\/product\/anel-cep-za-leto-i-ishranu\/","title":{"rendered":"Anel \u010dep za leto i ishranu"},"content":{"rendered":"<p data-start=\"642\" data-end=\"808\">\u010cep za ko\u0161nicu bez mre\u017ee je vi\u0161enamenski element koji omogu\u0107ava zatvaranje ventilacionog otvora, kontrolu protoka vazduha, ali i kori\u0161\u0107enje kao pomo\u0107no leto za p\u010dele.<\/p>\n<p data-start=\"810\" data-end=\"1047\">Zahvaljuju\u0107i prakti\u010dnom dizajnu, p\u010delar mo\u017ee jednostavno prilagoditi funkciju u skladu sa potrebama dru\u0161tva \u2014 otvoriti dodatni ulaz tokom jake pa\u0161e, smanjiti gu\u017evu na glavnom letu ili potpuno zatvoriti otvor tokom transporta i zimovanja.<\/p>\n<p data-start=\"1049\" data-end=\"1210\">Izra\u0111en od visokokvalitetne plastike, otporan je na vlagu, UV zra\u010denje i spoljne uticaje, \u0161to ga \u010dini dugotrajnim i pouzdanim re\u0161enjem u svakodnevnom p\u010delarenju.<\/p>\n<h3 data-section-id=\"196320r\" data-start=\"1212\" data-end=\"1229\">\ud83d\udd36 Prednosti:<\/h3>\n<ul data-start=\"1230\" data-end=\"1428\">\n<li data-section-id=\"175yxb9\" data-start=\"1230\" data-end=\"1268\">\n<p data-start=\"1232\" data-end=\"1268\">Mo\u017ee da slu\u017ei kao <strong data-start=\"1250\" data-end=\"1266\">pomo\u0107no leto<\/strong><\/p>\n<\/li>\n<li data-section-id=\"p68q4k\" data-start=\"1269\" data-end=\"1308\">\n<p data-start=\"1271\" data-end=\"1308\">Omogu\u0107ava bolju ventilaciju ko\u0161nice<\/p>\n<\/li>\n<li data-section-id=\"1lrfjji\" data-start=\"1309\" data-end=\"1344\">\n<p data-start=\"1311\" data-end=\"1344\">Smanjuje gu\u017evu na glavnom ulazu<\/p>\n<\/li>\n<li data-section-id=\"niq8om\" data-start=\"1345\" data-end=\"1389\">\n<p data-start=\"1347\" data-end=\"1389\">Pogodan za transport (zatvaranje otvora)<\/p>\n<\/li>\n<li data-section-id=\"1iecgz2\" data-start=\"1390\" data-end=\"1428\">\n<p data-start=\"1392\" data-end=\"1428\">Jednostavno otvaranje i zatvaranje<\/p>\n<\/li>\n<\/ul>\n","protected":false},"excerpt":{"rendered":"<p>\u010cep za ko\u0161nicu bez mre\u017ee slu\u017ei za zatvaranje, ventilaciju ili kao pomo\u0107no leto. ANEL plastika, dug vek trajanja, jednostavna monta\u017ea.<\/p>\n","protected":false},"featured_media":3790,"comment_status":"open","ping_status":"closed","template":"","meta":{"site-sidebar-layout":"default","site-content-layout":"","ast-site-content-layout":"default","site-content-style":"default","site-sidebar-style":"default","ast-global-header-display":"","ast-banner-title-visibility":"","ast-main-header-display":"","ast-hfb-above-header-display":"","ast-hfb-below-header-display":"","ast-hfb-mobile-header-display":"","site-post-title":"","ast-breadcrumbs-content":"","ast-featured-img":"","footer-sml-layout":"","ast-disable-related-posts":"","theme-transparent-header-meta":"default","adv-header-id-meta":"","stick-header-meta":"","header-above-stick-meta":"","header-main-stick-meta":"","header-below-stick-meta":"","astra-migrate-meta-layouts":"set","ast-page-background-enabled":"default","ast-page-background-meta":{"desktop":{"background-color":"var(--ast-global-color-4)","background-image":"","background-repeat":"repeat","background-position":"center center","background-size":"auto","background-attachment":"scroll","background-type":"","background-media":"","overlay-type":"","overlay-color":"","overlay-opacity":"","overlay-gradient":""},"tablet":{"background-color":"","background-image":"","background-repeat":"repeat","background-position":"center center","background-size":"auto","background-attachment":"scroll","background-type":"","background-media":"","overlay-type":"","overlay-color":"","overlay-opacity":"","overlay-gradient":""},"mobile":{"background-color":"","background-image":"","background-repeat":"repeat","background-position":"center center","background-size":"auto","background-attachment":"scroll","background-type":"","background-media":"","overlay-type":"","overlay-color":"","overlay-opacity":"","overlay-gradient":""}},"ast-content-background-meta":{"desktop":{"background-color":"var(--ast-global-color-5)","background-image":"","background-repeat":"repeat","background-position":"center center","background-size":"auto","background-attachment":"scroll","background-type":"","background-media":"","overlay-type":"","overlay-color":"","overlay-opacity":"","overlay-gradient":""},"tablet":{"background-color":"var(--ast-global-color-5)","background-image":"","background-repeat":"repeat","background-position":"center center","background-size":"auto","background-attachment":"scroll","background-type":"","background-media":"","overlay-type":"","overlay-color":"","overlay-opacity":"","overlay-gradient":""},"mobile":{"background-color":"var(--ast-global-color-5)","background-image":"","background-repeat":"repeat","background-position":"center center","background-size":"auto","background-attachment":"scroll","background-type":"","background-media":"","overlay-type":"","overlay-color":"","overlay-opacity":"","overlay-gradient":""}}},"product_brand":[],"product_cat":[54,48],"product_tag":[],"class_list":{"0":"post-3788","1":"product","2":"type-product","3":"status-publish","4":"has-post-thumbnail","6":"product_cat-dodaci-z-kosnuice","7":"product_cat-kosnice-i-delovi-kosnica","8":"desktop-align-center","9":"tablet-align-left","10":"mobile-align-left","12":"first","13":"instock","14":"sale","15":"shipping-taxable","16":"purchasable","17":"product-type-simple","18":"add-to-wishlist-after_add_to_cart"},"_links":{"self":[{"href":"https:\/\/anelsrb.com\/prodavnica\/wp-json\/wp\/v2\/product\/3788","targetHints":{"allow":["GET"]}}],"collection":[{"href":"https:\/\/anelsrb.com\/prodavnica\/wp-json\/wp\/v2\/product"}],"about":[{"href":"https:\/\/anelsrb.com\/prodavnica\/wp-json\/wp\/v2\/types\/product"}],"replies":[{"embeddable":true,"href":"https:\/\/anelsrb.com\/prodavnica\/wp-json\/wp\/v2\/comments?post=3788"}],"wp:featuredmedia":[{"embeddable":true,"href":"https:\/\/anelsrb.com\/prodavnica\/wp-json\/wp\/v2\/media\/3790"}],"wp:attachment":[{"href":"https:\/\/anelsrb.com\/prodavnica\/wp-json\/wp\/v2\/media?parent=3788"}],"wp:term":[{"taxonomy":"product_brand","embeddable":true,"href":"https:\/\/anelsrb.com\/prodavnica\/wp-json\/wp\/v2\/product_brand?post=3788"},{"taxonomy":"product_cat","embeddable":true,"href":"https:\/\/anelsrb.com\/prodavnica\/wp-json\/wp\/v2\/product_cat?post=3788"},{"taxonomy":"product_tag","embeddable":true,"href":"https:\/\/anelsrb.com\/prodavnica\/wp-json\/wp\/v2\/product_tag?post=3788"}],"curies":[{"name":"wp","href":"https:\/\/api.w.org\/{rel}","templated":true}]}}