{"id":419,"date":"2022-07-04T19:19:16","date_gmt":"2022-07-04T17:19:16","guid":{"rendered":"https:\/\/anelsrb.com\/prodavnica\/product\/libero-x350\/"},"modified":"2026-04-02T14:51:52","modified_gmt":"2026-04-02T12:51:52","slug":"plasticna-maticna-resetka-sa-2-leta-anel","status":"publish","type":"product","link":"https:\/\/anelsrb.com\/prodavnica\/product\/plasticna-maticna-resetka-sa-2-leta-anel\/","title":{"rendered":"Plasti\u010dna mati\u010dna re\u0161etka sa 2 leta ANEL"},"content":{"rendered":"<p>Koristi se kao i sve mati\u010dne re\u0161etke, postavlja se izme\u0111u plodi\u0161ta i<br \/>\nmedi\u0161ta.<\/p>\n<ul>\n<li>Ulazi za p\u010dele se otvaraju i zatvaraju po \u017eelji, mo\u017ee se koristiti na ko\u0161nici i tokom transporta.<\/li>\n<li>Okvir omoguc\u0301ava da se koristi kao dvostruka mati\u010dna re\u0161etka postavljanjem jedne mati\u010dne re\u0161etke na ve\u0107 postavljenu mati\u010dnu re\u0161etku.<\/li>\n<li>Unutra\u0161nje pregrade \u010dine vo\u0111ice koje se kombinuju sa vertikalnim<br \/>\npregradama kako bi se matica ograni\u010dila zbog:<\/p>\n<ul>\n<li>Primene tretmana (tretman varoe) u kontrolisanom okru\u017eenju legla.<\/li>\n<li>Ograni\u010davanja legla pre medobranja.<\/li>\n<li>Pravljenja rojeva.<\/li>\n<\/ul>\n<\/li>\n<\/ul>\n","protected":false},"excerpt":{"rendered":"<p>Koristi se kao i sve mati\u010dne re\u0161etke, postavlja se izme\u0111u plodi\u0161ta i medi\u0161ta.<br \/>\n-Ulazi za p\u010dele se otvaraju i zatvaraju po \u017eelji, mo\u017ee se koristiti na ko\u0161nici i tokom transporta.<br \/>\n-Okvir omoguc\u0301ava da se koristi kao dvostruka mati\u010dna re\u0161etka postavljanjem jedne mati\u010dne re\u0161etke na ve\u0107 postavljenu mati\u010dnu re\u0161etku.<br \/>\n-Unutra\u0161nje pregrade \u010dine vo\u0111ice koje se kombinuju sa vertikalnim pregradama kako bi se matica ograni\u010dila zbog:<br \/>\n\u2022 Primene tretmana (tretman varoe) u kontrolisanom okru\u017eenju legla.<br \/>\n\u2022 Ograni\u010davanja legla pre medobranja.<br \/>\n\u2022 Pravljenja rojeva<\/p>\n","protected":false},"featured_media":1555,"comment_status":"open","ping_status":"closed","template":"","meta":{"site-sidebar-layout":"no-sidebar","site-content-layout":"content-boxed-container","ast-site-content-layout":"normal-width-container","site-content-style":"boxed","site-sidebar-style":"unboxed","ast-global-header-display":"","ast-banner-title-visibility":"","ast-main-header-display":"","ast-hfb-above-header-display":"","ast-hfb-below-header-display":"","ast-hfb-mobile-header-display":"","site-post-title":"disabled","ast-breadcrumbs-content":"","ast-featured-img":"disabled","footer-sml-layout":"","ast-disable-related-posts":"","theme-transparent-header-meta":"default","adv-header-id-meta":"","stick-header-meta":"default","header-above-stick-meta":"","header-main-stick-meta":"","header-below-stick-meta":"","astra-migrate-meta-layouts":"set","ast-page-background-enabled":"default","ast-page-background-meta":{"desktop":{"background-color":"var(--ast-global-color-4)","background-image":"","background-repeat":"repeat","background-position":"center center","background-size":"auto","background-attachment":"scroll","background-type":"","background-media":"","overlay-type":"","overlay-color":"","overlay-opacity":"","overlay-gradient":""},"tablet":{"background-color":"","background-image":"","background-repeat":"repeat","background-position":"center center","background-size":"auto","background-attachment":"scroll","background-type":"","background-media":"","overlay-type":"","overlay-color":"","overlay-opacity":"","overlay-gradient":""},"mobile":{"background-color":"","background-image":"","background-repeat":"repeat","background-position":"center center","background-size":"auto","background-attachment":"scroll","background-type":"","background-media":"","overlay-type":"","overlay-color":"","overlay-opacity":"","overlay-gradient":""}},"ast-content-background-meta":{"desktop":{"background-color":"var(--ast-global-color-5)","background-image":"","background-repeat":"repeat","background-position":"center center","background-size":"auto","background-attachment":"scroll","background-type":"","background-media":"","overlay-type":"","overlay-color":"","overlay-opacity":"","overlay-gradient":""},"tablet":{"background-color":"var(--ast-global-color-5)","background-image":"","background-repeat":"repeat","background-position":"center center","background-size":"auto","background-attachment":"scroll","background-type":"","background-media":"","overlay-type":"","overlay-color":"","overlay-opacity":"","overlay-gradient":""},"mobile":{"background-color":"var(--ast-global-color-5)","background-image":"","background-repeat":"repeat","background-position":"center center","background-size":"auto","background-attachment":"scroll","background-type":"","background-media":"","overlay-type":"","overlay-color":"","overlay-opacity":"","overlay-gradient":""}}},"product_brand":[],"product_cat":[53],"product_tag":[],"class_list":{"0":"post-419","1":"product","2":"type-product","3":"status-publish","4":"has-post-thumbnail","6":"product_cat-maticne-resetke-vertikalne-i-horizontalne","7":"desktop-align-center","8":"tablet-align-left","9":"mobile-align-left","11":"first","12":"instock","13":"shipping-taxable","14":"purchasable","15":"product-type-simple","16":"add-to-wishlist-after_add_to_cart"},"_links":{"self":[{"href":"https:\/\/anelsrb.com\/prodavnica\/wp-json\/wp\/v2\/product\/419","targetHints":{"allow":["GET"]}}],"collection":[{"href":"https:\/\/anelsrb.com\/prodavnica\/wp-json\/wp\/v2\/product"}],"about":[{"href":"https:\/\/anelsrb.com\/prodavnica\/wp-json\/wp\/v2\/types\/product"}],"replies":[{"embeddable":true,"href":"https:\/\/anelsrb.com\/prodavnica\/wp-json\/wp\/v2\/comments?post=419"}],"wp:featuredmedia":[{"embeddable":true,"href":"https:\/\/anelsrb.com\/prodavnica\/wp-json\/wp\/v2\/media\/1555"}],"wp:attachment":[{"href":"https:\/\/anelsrb.com\/prodavnica\/wp-json\/wp\/v2\/media?parent=419"}],"wp:term":[{"taxonomy":"product_brand","embeddable":true,"href":"https:\/\/anelsrb.com\/prodavnica\/wp-json\/wp\/v2\/product_brand?post=419"},{"taxonomy":"product_cat","embeddable":true,"href":"https:\/\/anelsrb.com\/prodavnica\/wp-json\/wp\/v2\/product_cat?post=419"},{"taxonomy":"product_tag","embeddable":true,"href":"https:\/\/anelsrb.com\/prodavnica\/wp-json\/wp\/v2\/product_tag?post=419"}],"curies":[{"name":"wp","href":"https:\/\/api.w.org\/{rel}","templated":true}]}}