{"id":607,"date":"2022-07-05T10:13:53","date_gmt":"2022-07-05T08:13:53","guid":{"rendered":"https:\/\/anelsrb.com\/prodavnica\/product\/practico-pro-500\/"},"modified":"2026-04-20T13:35:06","modified_gmt":"2026-04-20T11:35:06","slug":"ram-hranilica-bez-plovaka-15kg-eco-anel-ld-db","status":"publish","type":"product","link":"https:\/\/anelsrb.com\/prodavnica\/product\/ram-hranilica-bez-plovaka-15kg-eco-anel-ld-db\/","title":{"rendered":"ANEL Ram hranilica (bez plovaka) 1,5kg ECO LD\/DB"},"content":{"rendered":"<ul>\n<li>Jednostavna i povoljna ram hranilica za p\u010dele.<\/li>\n<li>U unutra\u0161njim delovima ima oblikovane stepenice, ali je preporu\u010dljivo koristiti male komade drveta kao plovke ili mre\u017eu kako biste potpuno izbegli utapanje p\u010dela.<\/li>\n<li>Da biste je ponovo napunili, prvo morate otresti p\u010dele koje na\u0111ete u njoj.<\/li>\n<li>Unutra\u0161nja oja\u010danja ne dozvoljavaju deformaciju.<\/li>\n<li>Napravljena od 100% novih plasti\u010dnih materijala (bez recikla\u017ee) pogodnih za pakovanje prehrambenih namirnica.<\/li>\n<\/ul>\n","protected":false},"excerpt":{"rendered":"<p>-Jednostavna i povoljna ram hranilica za p\u010dele.<br \/>\n-U unutra\u0161njim delovima ima oblikovane stepenice, ali je preporu\u010dljivokoristiti male komade drveta kao plovke ili mre\u017eu kako biste potpuno<br \/>\nizbegli utapanje p\u010dela.<br \/>\n-Da biste je ponovo napunili, prvo morate otresti p\u010dele koje na\u0111ete u njoj.<br \/>\n-Unutra\u0161nja oja\u010danja ne dozvoljavaju deformaciju.<br \/>\n-Napravljena od 100% novih plasti\u010dnih materijala (bez recikla\u017ee) pogodnih za pakovanje prehrambenih namirnica<\/p>\n","protected":false},"featured_media":2982,"comment_status":"open","ping_status":"closed","template":"","meta":{"site-sidebar-layout":"no-sidebar","site-content-layout":"content-boxed-container","ast-site-content-layout":"normal-width-container","site-content-style":"boxed","site-sidebar-style":"unboxed","ast-global-header-display":"","ast-banner-title-visibility":"","ast-main-header-display":"","ast-hfb-above-header-display":"","ast-hfb-below-header-display":"","ast-hfb-mobile-header-display":"","site-post-title":"disabled","ast-breadcrumbs-content":"","ast-featured-img":"disabled","footer-sml-layout":"","ast-disable-related-posts":"","theme-transparent-header-meta":"default","adv-header-id-meta":"","stick-header-meta":"default","header-above-stick-meta":"","header-main-stick-meta":"","header-below-stick-meta":"","astra-migrate-meta-layouts":"set","ast-page-background-enabled":"default","ast-page-background-meta":{"desktop":{"background-color":"var(--ast-global-color-4)","background-image":"","background-repeat":"repeat","background-position":"center center","background-size":"auto","background-attachment":"scroll","background-type":"","background-media":"","overlay-type":"","overlay-color":"","overlay-opacity":"","overlay-gradient":""},"tablet":{"background-color":"","background-image":"","background-repeat":"repeat","background-position":"center center","background-size":"auto","background-attachment":"scroll","background-type":"","background-media":"","overlay-type":"","overlay-color":"","overlay-opacity":"","overlay-gradient":""},"mobile":{"background-color":"","background-image":"","background-repeat":"repeat","background-position":"center center","background-size":"auto","background-attachment":"scroll","background-type":"","background-media":"","overlay-type":"","overlay-color":"","overlay-opacity":"","overlay-gradient":""}},"ast-content-background-meta":{"desktop":{"background-color":"var(--ast-global-color-5)","background-image":"","background-repeat":"repeat","background-position":"center center","background-size":"auto","background-attachment":"scroll","background-type":"","background-media":"","overlay-type":"","overlay-color":"","overlay-opacity":"","overlay-gradient":""},"tablet":{"background-color":"var(--ast-global-color-5)","background-image":"","background-repeat":"repeat","background-position":"center center","background-size":"auto","background-attachment":"scroll","background-type":"","background-media":"","overlay-type":"","overlay-color":"","overlay-opacity":"","overlay-gradient":""},"mobile":{"background-color":"var(--ast-global-color-5)","background-image":"","background-repeat":"repeat","background-position":"center center","background-size":"auto","background-attachment":"scroll","background-type":"","background-media":"","overlay-type":"","overlay-color":"","overlay-opacity":"","overlay-gradient":""}}},"product_brand":[],"product_cat":[56],"product_tag":[],"class_list":{"0":"post-607","1":"product","2":"type-product","3":"status-publish","4":"has-post-thumbnail","6":"product_cat-ram-hranilice","7":"desktop-align-center","8":"tablet-align-left","9":"mobile-align-left","11":"first","12":"outofstock","13":"shipping-taxable","14":"purchasable","15":"product-type-simple","16":"add-to-wishlist-after_add_to_cart"},"_links":{"self":[{"href":"https:\/\/anelsrb.com\/prodavnica\/wp-json\/wp\/v2\/product\/607","targetHints":{"allow":["GET"]}}],"collection":[{"href":"https:\/\/anelsrb.com\/prodavnica\/wp-json\/wp\/v2\/product"}],"about":[{"href":"https:\/\/anelsrb.com\/prodavnica\/wp-json\/wp\/v2\/types\/product"}],"replies":[{"embeddable":true,"href":"https:\/\/anelsrb.com\/prodavnica\/wp-json\/wp\/v2\/comments?post=607"}],"wp:featuredmedia":[{"embeddable":true,"href":"https:\/\/anelsrb.com\/prodavnica\/wp-json\/wp\/v2\/media\/2982"}],"wp:attachment":[{"href":"https:\/\/anelsrb.com\/prodavnica\/wp-json\/wp\/v2\/media?parent=607"}],"wp:term":[{"taxonomy":"product_brand","embeddable":true,"href":"https:\/\/anelsrb.com\/prodavnica\/wp-json\/wp\/v2\/product_brand?post=607"},{"taxonomy":"product_cat","embeddable":true,"href":"https:\/\/anelsrb.com\/prodavnica\/wp-json\/wp\/v2\/product_cat?post=607"},{"taxonomy":"product_tag","embeddable":true,"href":"https:\/\/anelsrb.com\/prodavnica\/wp-json\/wp\/v2\/product_tag?post=607"}],"curies":[{"name":"wp","href":"https:\/\/api.w.org\/{rel}","templated":true}]}}