{"id":698,"date":"2022-07-05T16:45:00","date_gmt":"2022-07-05T14:45:00","guid":{"rendered":"https:\/\/anelsrb.com\/prodavnica\/product\/goodlock-j10\/"},"modified":"2025-12-01T07:31:17","modified_gmt":"2025-12-01T06:31:17","slug":"plasticni-ram-sa-integrisanom-satnom-osnovom-anel-fr","status":"publish","type":"product","link":"https:\/\/anelsrb.com\/prodavnica\/product\/plasticni-ram-sa-integrisanom-satnom-osnovom-anel-fr\/","title":{"rendered":"ANEL Plasti\u010dni ram sa integrisanom satnom osnovom FR"},"content":{"rendered":"<p>ANEL PLASTI\u010cNI RAM SA INTEGRISANOM SATNOM OSNOVOM<\/p>\n<p>Plasti\u010dni ram sa integrisanom satnom osnovom ANEL PS za telo ko\u0161nice Farrar, Hoffmann standard visine 16 cm (6 1\/4\u2019\u2019) \u0107elije \u0161irine 5,6 mm<br \/>\nRef.: AN51662PS<br \/>\n-Plasti\u010dni ram sa integrisanom satnom osnovom koja je izlivena sa savr\u0161enim \u0161estougaonicima \u0161irine 5,6 mm.<br \/>\n-Nije potrebno ukivanje ramova, postavljanje \u017eice i utapanje satnih osnova.<br \/>\n-Ne napada ih vo\u0161tani moljac.<br \/>\n-Nisu savitljivi, ne mogu se olabaviti satne osnove.<br \/>\n-Prilikom vrcanja u centrifugi, mogu se koristiti maksimalne brzine bez o\u0161te\u0107enja okvira ili sa\u0107a.<br \/>\n-Posebno je koristan za guste medove.<br \/>\n-Ako \u017eelite da sami navo\u0161tite ramove, mo\u017eete da ih umo\u010dite u otopljeni vosak na temperaturi od 60-70\u00baC ili da ih navo\u0161tite pomoc\u0301u valjka koju umo\u010dite u otopljeni vosak.<br \/>\n-Napravljena od 100% novih plasti\u010dnih materijala (bez recikla\u017ee) pogodnih za pakovanje prehrambenih namirnica.<br \/>\n-SAVET: ANEL plasti\u010dni ramovi se dezinfikuju u 5% kausti\u010dnom rastvoru zagrejanim na temperaturi od 80\u00baC.<\/p>\n<p>&nbsp;<\/p>\n<p>Pakovanje u kutiji 75 komada.<\/p>\n","protected":false},"excerpt":{"rendered":"<p>Hoffmann standard visine 16 cm (6 1\/4\u2019\u2019) \u0107elije \u0161irine 5,6 mm<br \/>\n-Plasti\u010dni ram sa integrisanom satnom osnovom koja je izlivena sa savr\u0161enim \u0161estougaonicima \u0161irine 5,6 mm.<br \/>\n-Nije potrebno ukivanje ramova, postavljanje \u017eice i utapanje satnih osnova.<br \/>\n-Ne napada ih vo\u0161tani moljac.<br \/>\n-Nisu savitljivi, ne mogu se olabaviti satne osnove.<br \/>\n-Prilikom vrcanja u centrifugi, mogu se koristiti maksimalne brzine bez o\u0161te\u0107enja okvira ili sa\u0107a.<br \/>\n-Posebno je koristan za guste medove.<br \/>\n-Ako \u017eelite da sami navo\u0161tite ramove, mo\u017eete da ih umo\u010dite u otopljeni vosak na temperaturi od 60-70\u00baC ili da ih navo\u0161tite pomoc\u0301u valjka koju umo\u010dite u otopljeni vosak.<\/p>\n","protected":false},"featured_media":2875,"comment_status":"open","ping_status":"closed","template":"","meta":{"site-sidebar-layout":"no-sidebar","site-content-layout":"content-boxed-container","ast-site-content-layout":"normal-width-container","site-content-style":"boxed","site-sidebar-style":"unboxed","ast-global-header-display":"","ast-banner-title-visibility":"","ast-main-header-display":"","ast-hfb-above-header-display":"","ast-hfb-below-header-display":"","ast-hfb-mobile-header-display":"","site-post-title":"disabled","ast-breadcrumbs-content":"","ast-featured-img":"disabled","footer-sml-layout":"","ast-disable-related-posts":"","theme-transparent-header-meta":"default","adv-header-id-meta":"","stick-header-meta":"default","header-above-stick-meta":"","header-main-stick-meta":"","header-below-stick-meta":"","astra-migrate-meta-layouts":"set","ast-page-background-enabled":"default","ast-page-background-meta":{"desktop":{"background-color":"var(--ast-global-color-4)","background-image":"","background-repeat":"repeat","background-position":"center center","background-size":"auto","background-attachment":"scroll","background-type":"","background-media":"","overlay-type":"","overlay-color":"","overlay-opacity":"","overlay-gradient":""},"tablet":{"background-color":"","background-image":"","background-repeat":"repeat","background-position":"center center","background-size":"auto","background-attachment":"scroll","background-type":"","background-media":"","overlay-type":"","overlay-color":"","overlay-opacity":"","overlay-gradient":""},"mobile":{"background-color":"","background-image":"","background-repeat":"repeat","background-position":"center center","background-size":"auto","background-attachment":"scroll","background-type":"","background-media":"","overlay-type":"","overlay-color":"","overlay-opacity":"","overlay-gradient":""}},"ast-content-background-meta":{"desktop":{"background-color":"var(--ast-global-color-5)","background-image":"","background-repeat":"repeat","background-position":"center center","background-size":"auto","background-attachment":"scroll","background-type":"","background-media":"","overlay-type":"","overlay-color":"","overlay-opacity":"","overlay-gradient":""},"tablet":{"background-color":"var(--ast-global-color-5)","background-image":"","background-repeat":"repeat","background-position":"center center","background-size":"auto","background-attachment":"scroll","background-type":"","background-media":"","overlay-type":"","overlay-color":"","overlay-opacity":"","overlay-gradient":""},"mobile":{"background-color":"var(--ast-global-color-5)","background-image":"","background-repeat":"repeat","background-position":"center center","background-size":"auto","background-attachment":"scroll","background-type":"","background-media":"","overlay-type":"","overlay-color":"","overlay-opacity":"","overlay-gradient":""}}},"product_brand":[],"product_cat":[47],"product_tag":[],"class_list":{"0":"post-698","1":"product","2":"type-product","3":"status-publish","4":"has-post-thumbnail","6":"product_cat-anel-plasticni-ramovi-i-satne-osnove-od-plastike","7":"desktop-align-center","8":"tablet-align-left","9":"mobile-align-left","11":"first","12":"instock","13":"shipping-taxable","14":"purchasable","15":"product-type-variable","16":"add-to-wishlist-after_add_to_cart"},"_links":{"self":[{"href":"https:\/\/anelsrb.com\/prodavnica\/wp-json\/wp\/v2\/product\/698","targetHints":{"allow":["GET"]}}],"collection":[{"href":"https:\/\/anelsrb.com\/prodavnica\/wp-json\/wp\/v2\/product"}],"about":[{"href":"https:\/\/anelsrb.com\/prodavnica\/wp-json\/wp\/v2\/types\/product"}],"replies":[{"embeddable":true,"href":"https:\/\/anelsrb.com\/prodavnica\/wp-json\/wp\/v2\/comments?post=698"}],"wp:featuredmedia":[{"embeddable":true,"href":"https:\/\/anelsrb.com\/prodavnica\/wp-json\/wp\/v2\/media\/2875"}],"wp:attachment":[{"href":"https:\/\/anelsrb.com\/prodavnica\/wp-json\/wp\/v2\/media?parent=698"}],"wp:term":[{"taxonomy":"product_brand","embeddable":true,"href":"https:\/\/anelsrb.com\/prodavnica\/wp-json\/wp\/v2\/product_brand?post=698"},{"taxonomy":"product_cat","embeddable":true,"href":"https:\/\/anelsrb.com\/prodavnica\/wp-json\/wp\/v2\/product_cat?post=698"},{"taxonomy":"product_tag","embeddable":true,"href":"https:\/\/anelsrb.com\/prodavnica\/wp-json\/wp\/v2\/product_tag?post=698"}],"curies":[{"name":"wp","href":"https:\/\/api.w.org\/{rel}","templated":true}]}}