{"id":699,"date":"2022-07-05T16:45:02","date_gmt":"2022-07-05T14:45:02","guid":{"rendered":"https:\/\/anelsrb.com\/prodavnica\/product\/max3-scooter-lock\/"},"modified":"2026-04-11T14:47:13","modified_gmt":"2026-04-11T12:47:13","slug":"plasticni-ram-sa-integrisanom-satnom-osnovom-anel-lr","status":"publish","type":"product","link":"https:\/\/anelsrb.com\/prodavnica\/product\/plasticni-ram-sa-integrisanom-satnom-osnovom-anel-lr\/","title":{"rendered":"ANEL Plasti\u010dni ram sa integrisanom satnom osnovom LR"},"content":{"rendered":"<div style=\"width: 576px;\" class=\"wp-video\"><video class=\"wp-video-shortcode\" id=\"video-699-1\" width=\"576\" height=\"1024\" preload=\"metadata\" controls=\"controls\"><source type=\"video\/mp4\" src=\"https:\/\/anelsrb.com\/prodavnica\/wp-content\/uploads\/2022\/07\/02-05-1ddb6b2e89ce6d75f4e21bc9ac0a9c1450e4f540773b0fde9b5f766a56119679-31ab5a705e6d63ca.mp4?_=1\" \/><a href=\"https:\/\/anelsrb.com\/prodavnica\/wp-content\/uploads\/2022\/07\/02-05-1ddb6b2e89ce6d75f4e21bc9ac0a9c1450e4f540773b0fde9b5f766a56119679-31ab5a705e6d63ca.mp4\">https:\/\/anelsrb.com\/prodavnica\/wp-content\/uploads\/2022\/07\/02-05-1ddb6b2e89ce6d75f4e21bc9ac0a9c1450e4f540773b0fde9b5f766a56119679-31ab5a705e6d63ca.mp4<\/a><\/video><\/div>\n<p>ANEL PLASTI\u010cNI RAM SA INTEGRISANOM SATNOM OSNOVOM<\/p>\n<p>Plasti\u010dni ram sa integrisanom satnom osnovom ANEL PS za telo ko\u0161nice<br \/>\nLR , Hoffmann standard visine 23,1cm (9 1\/8\u2019\u2019) \u0107elije \u0161irine 5,6mm<\/p>\n<p>-Plasti\u010dni ram sa integrisanom satnom osnovom koja je izlivena sa savr\u0161enim \u0161estougaonicima \u0161irine 5,6 mm.<br \/>\n-Nije potrebno ukivanje ramova, postavljanje \u017eice i utapanje satnih osnova.<br \/>\n-Ne napada ih vo\u0161tani moljac.<br \/>\n-Nisu savitljivi, ne mogu se olabaviti satne osnove.<br \/>\n-Prilikom vrcanja u centrifugi, mogu se koristiti maksimalne brzine bez o\u0161te\u0107enja okvira ili sa\u0107a.<br \/>\n-Posebno je koristan za guste medove.<br \/>\n-Ako \u017eelite da sami navo\u0161tite ramove, mo\u017eete da ih umo\u010dite u otopljeni vosak na temperaturi od 60-70\u00baC ili da ih navo\u0161tite pomoc\u0301u valjka koju umo\u010dite u otopljeni vosak.<br \/>\n-Napravljena od 100% novih plasti\u010dnih materijala (bez recikla\u017ee) pogodnih za pakovanje prehrambenih namirnica.<br \/>\n&#8211; SAVET: ANEL plasti\u010dni ramovi se dezinfikuju u 5% kausti\u010dnom rastvoru zagrejanim na temperaturi od 80\u00baC<\/p>\n<p>Pakovanje kutije 36 komada<\/p>\n","protected":false},"excerpt":{"rendered":"<p>Plasti\u010dni ram sa integrisanom satnom osnovom ANEL PS za telo ko\u0161nice LR , Hoffmann standard visine 23,1cm (9 1\/8\u2019\u2019) \u0107elije \u0161irine 5,6mm<\/p>\n<p>-Plasti\u010dni ram sa integrisanom satnom osnovom koja je izlivena sa savr\u0161enim \u0161estougaonicima \u0161irine 5,6 mm.<br \/>\n-Nije potrebno ukivanje ramova, postavljanje \u017eice i utapanje satnih osnova.<br \/>\n-Ne napada ih vo\u0161tani moljac.<\/p>\n","protected":false},"featured_media":2869,"comment_status":"open","ping_status":"closed","template":"","meta":{"site-sidebar-layout":"no-sidebar","site-content-layout":"content-boxed-container","ast-site-content-layout":"normal-width-container","site-content-style":"boxed","site-sidebar-style":"unboxed","ast-global-header-display":"","ast-banner-title-visibility":"","ast-main-header-display":"","ast-hfb-above-header-display":"","ast-hfb-below-header-display":"","ast-hfb-mobile-header-display":"","site-post-title":"disabled","ast-breadcrumbs-content":"","ast-featured-img":"disabled","footer-sml-layout":"","ast-disable-related-posts":"","theme-transparent-header-meta":"default","adv-header-id-meta":"","stick-header-meta":"default","header-above-stick-meta":"","header-main-stick-meta":"","header-below-stick-meta":"","astra-migrate-meta-layouts":"set","ast-page-background-enabled":"default","ast-page-background-meta":{"desktop":{"background-color":"var(--ast-global-color-4)","background-image":"","background-repeat":"repeat","background-position":"center center","background-size":"auto","background-attachment":"scroll","background-type":"","background-media":"","overlay-type":"","overlay-color":"","overlay-opacity":"","overlay-gradient":""},"tablet":{"background-color":"","background-image":"","background-repeat":"repeat","background-position":"center center","background-size":"auto","background-attachment":"scroll","background-type":"","background-media":"","overlay-type":"","overlay-color":"","overlay-opacity":"","overlay-gradient":""},"mobile":{"background-color":"","background-image":"","background-repeat":"repeat","background-position":"center center","background-size":"auto","background-attachment":"scroll","background-type":"","background-media":"","overlay-type":"","overlay-color":"","overlay-opacity":"","overlay-gradient":""}},"ast-content-background-meta":{"desktop":{"background-color":"var(--ast-global-color-5)","background-image":"","background-repeat":"repeat","background-position":"center center","background-size":"auto","background-attachment":"scroll","background-type":"","background-media":"","overlay-type":"","overlay-color":"","overlay-opacity":"","overlay-gradient":""},"tablet":{"background-color":"var(--ast-global-color-5)","background-image":"","background-repeat":"repeat","background-position":"center center","background-size":"auto","background-attachment":"scroll","background-type":"","background-media":"","overlay-type":"","overlay-color":"","overlay-opacity":"","overlay-gradient":""},"mobile":{"background-color":"var(--ast-global-color-5)","background-image":"","background-repeat":"repeat","background-position":"center center","background-size":"auto","background-attachment":"scroll","background-type":"","background-media":"","overlay-type":"","overlay-color":"","overlay-opacity":"","overlay-gradient":""}}},"product_brand":[],"product_cat":[47],"product_tag":[],"class_list":{"0":"post-699","1":"product","2":"type-product","3":"status-publish","4":"has-post-thumbnail","6":"product_cat-anel-plasticni-ramovi-i-satne-osnove-od-plastike","7":"desktop-align-center","8":"tablet-align-left","9":"mobile-align-left","11":"first","12":"instock","13":"shipping-taxable","14":"purchasable","15":"product-type-variable","16":"add-to-wishlist-after_add_to_cart"},"_links":{"self":[{"href":"https:\/\/anelsrb.com\/prodavnica\/wp-json\/wp\/v2\/product\/699","targetHints":{"allow":["GET"]}}],"collection":[{"href":"https:\/\/anelsrb.com\/prodavnica\/wp-json\/wp\/v2\/product"}],"about":[{"href":"https:\/\/anelsrb.com\/prodavnica\/wp-json\/wp\/v2\/types\/product"}],"replies":[{"embeddable":true,"href":"https:\/\/anelsrb.com\/prodavnica\/wp-json\/wp\/v2\/comments?post=699"}],"wp:featuredmedia":[{"embeddable":true,"href":"https:\/\/anelsrb.com\/prodavnica\/wp-json\/wp\/v2\/media\/2869"}],"wp:attachment":[{"href":"https:\/\/anelsrb.com\/prodavnica\/wp-json\/wp\/v2\/media?parent=699"}],"wp:term":[{"taxonomy":"product_brand","embeddable":true,"href":"https:\/\/anelsrb.com\/prodavnica\/wp-json\/wp\/v2\/product_brand?post=699"},{"taxonomy":"product_cat","embeddable":true,"href":"https:\/\/anelsrb.com\/prodavnica\/wp-json\/wp\/v2\/product_cat?post=699"},{"taxonomy":"product_tag","embeddable":true,"href":"https:\/\/anelsrb.com\/prodavnica\/wp-json\/wp\/v2\/product_tag?post=699"}],"curies":[{"name":"wp","href":"https:\/\/api.w.org\/{rel}","templated":true}]}}