{"id":706,"date":"2022-07-05T16:57:50","date_gmt":"2022-07-05T14:57:50","guid":{"rendered":"https:\/\/anelsrb.com\/prodavnica\/product\/silverpath-max2\/"},"modified":"2026-04-02T15:19:39","modified_gmt":"2026-04-02T13:19:39","slug":"sakupljac-polena-anel-big-guy","status":"publish","type":"product","link":"https:\/\/anelsrb.com\/prodavnica\/product\/sakupljac-polena-anel-big-guy\/","title":{"rendered":"Sakuplja\u010d polena ANEL BIG GUY"},"content":{"rendered":"<ul>\n<li>Udvostru\u010den prostor za sakupljanje polena.<\/li>\n<li>Ve\u0107a poletaljka za p\u010dele.<\/li>\n<li>Ve\u0107i ki\u0161ni prekriva\u010d.<\/li>\n<li>Bolje pri\u010dvr\u0161\u0107ivanje, ne pomera ga vetar, bube i druge \u017eivotinje (npr. mi\u0161evi).<\/li>\n<li>Neverovatno jednostavan na\u010din vezivanja za ko\u0161nicu ANEL-PCCLIP.<\/li>\n<li>Ima dve ta\u010dke izbo\u010denja, desnu i levu, koje su gurnute u ulaz u ko\u0161nicu, ceo sakuplja\u010d polena le\u017ei na ovim ta\u010dkama.<\/li>\n<li>Jednostavan za primenu i brzo sakupljanje polena.<\/li>\n<li>Dobija se ve\u0107i kapacitet za sme\u0161taj polena.<\/li>\n<li>Dobro uklopljiv za bilo koju vrstu ko\u0161nice (plasti\u010dne,drvene, stiroporne &#8230;).<\/li>\n<li>Napravljen od 100% novih plasti\u010dnih materijala (bez recikla\u017ee) pogodnih za pakovanje prehrambenih namirnica.<\/li>\n<\/ul>\n","protected":false},"excerpt":{"rendered":"<ul>\n<li>Udvostru\u010den prostor za sakupljanje polena.<\/li>\n<li>Ve\u0107a poletaljka za p\u010dele.<\/li>\n<li>Ve\u0107i ki\u0161ni prekriva\u010d.<\/li>\n<li>Bolje pri\u010dvr\u0161\u0107ivanje, ne pomera ga vetar, bube i druge \u017eivotinje (npr. mi\u0161evi).<\/li>\n<li>Neverovatno jednostavan na\u010din vezivanja za ko\u0161nicu ANEL-PCCLIP.<\/li>\n<li>Ima dve ta\u010dke izbo\u010denja, desnu i levu, koje su gurnute u ulaz u ko\u0161nicu, ceo sakuplja\u010d polena le\u017ei na ovim ta\u010dkama.<\/li>\n<li>Jednostavan za primenu i brzo sakupljanje polena.<\/li>\n<li>Dobija se ve\u0107i kapacitet za sme\u0161taj polena.<\/li>\n<li>Dobro uklopljiv za bilo koju vrstu ko\u0161nice (plasti\u010dne,drvene, stiroporne &#8230;).<\/li>\n<li>Napravljen od 100% novih plasti\u010dnih materijala (bez recikla\u017ee) pogodnih za pakovanje prehrambenih namirnica.<\/li>\n<\/ul>\n","protected":false},"featured_media":2891,"comment_status":"open","ping_status":"closed","template":"","meta":{"site-sidebar-layout":"no-sidebar","site-content-layout":"content-boxed-container","ast-site-content-layout":"normal-width-container","site-content-style":"boxed","site-sidebar-style":"unboxed","ast-global-header-display":"","ast-banner-title-visibility":"","ast-main-header-display":"","ast-hfb-above-header-display":"","ast-hfb-below-header-display":"","ast-hfb-mobile-header-display":"","site-post-title":"disabled","ast-breadcrumbs-content":"","ast-featured-img":"disabled","footer-sml-layout":"","ast-disable-related-posts":"","theme-transparent-header-meta":"default","adv-header-id-meta":"","stick-header-meta":"default","header-above-stick-meta":"","header-main-stick-meta":"","header-below-stick-meta":"","astra-migrate-meta-layouts":"set","ast-page-background-enabled":"default","ast-page-background-meta":{"desktop":{"background-color":"var(--ast-global-color-4)","background-image":"","background-repeat":"repeat","background-position":"center center","background-size":"auto","background-attachment":"scroll","background-type":"","background-media":"","overlay-type":"","overlay-color":"","overlay-opacity":"","overlay-gradient":""},"tablet":{"background-color":"","background-image":"","background-repeat":"repeat","background-position":"center center","background-size":"auto","background-attachment":"scroll","background-type":"","background-media":"","overlay-type":"","overlay-color":"","overlay-opacity":"","overlay-gradient":""},"mobile":{"background-color":"","background-image":"","background-repeat":"repeat","background-position":"center center","background-size":"auto","background-attachment":"scroll","background-type":"","background-media":"","overlay-type":"","overlay-color":"","overlay-opacity":"","overlay-gradient":""}},"ast-content-background-meta":{"desktop":{"background-color":"var(--ast-global-color-5)","background-image":"","background-repeat":"repeat","background-position":"center center","background-size":"auto","background-attachment":"scroll","background-type":"","background-media":"","overlay-type":"","overlay-color":"","overlay-opacity":"","overlay-gradient":""},"tablet":{"background-color":"var(--ast-global-color-5)","background-image":"","background-repeat":"repeat","background-position":"center center","background-size":"auto","background-attachment":"scroll","background-type":"","background-media":"","overlay-type":"","overlay-color":"","overlay-opacity":"","overlay-gradient":""},"mobile":{"background-color":"var(--ast-global-color-5)","background-image":"","background-repeat":"repeat","background-position":"center center","background-size":"auto","background-attachment":"scroll","background-type":"","background-media":"","overlay-type":"","overlay-color":"","overlay-opacity":"","overlay-gradient":""}}},"product_brand":[],"product_cat":[49],"product_tag":[],"class_list":{"0":"post-706","1":"product","2":"type-product","3":"status-publish","4":"has-post-thumbnail","6":"product_cat-sakupljaci-polena","7":"desktop-align-center","8":"tablet-align-left","9":"mobile-align-left","11":"first","12":"instock","13":"shipping-taxable","14":"purchasable","15":"product-type-simple","16":"add-to-wishlist-after_add_to_cart"},"_links":{"self":[{"href":"https:\/\/anelsrb.com\/prodavnica\/wp-json\/wp\/v2\/product\/706","targetHints":{"allow":["GET"]}}],"collection":[{"href":"https:\/\/anelsrb.com\/prodavnica\/wp-json\/wp\/v2\/product"}],"about":[{"href":"https:\/\/anelsrb.com\/prodavnica\/wp-json\/wp\/v2\/types\/product"}],"replies":[{"embeddable":true,"href":"https:\/\/anelsrb.com\/prodavnica\/wp-json\/wp\/v2\/comments?post=706"}],"wp:featuredmedia":[{"embeddable":true,"href":"https:\/\/anelsrb.com\/prodavnica\/wp-json\/wp\/v2\/media\/2891"}],"wp:attachment":[{"href":"https:\/\/anelsrb.com\/prodavnica\/wp-json\/wp\/v2\/media?parent=706"}],"wp:term":[{"taxonomy":"product_brand","embeddable":true,"href":"https:\/\/anelsrb.com\/prodavnica\/wp-json\/wp\/v2\/product_brand?post=706"},{"taxonomy":"product_cat","embeddable":true,"href":"https:\/\/anelsrb.com\/prodavnica\/wp-json\/wp\/v2\/product_cat?post=706"},{"taxonomy":"product_tag","embeddable":true,"href":"https:\/\/anelsrb.com\/prodavnica\/wp-json\/wp\/v2\/product_tag?post=706"}],"curies":[{"name":"wp","href":"https:\/\/api.w.org\/{rel}","templated":true}]}}