{"id":711,"date":"2022-07-05T17:01:18","date_gmt":"2022-07-05T17:01:18","guid":{"rendered":"https:\/\/anelsrb.com\/prodavnica\/product\/north-d-booster-2000\/"},"modified":"2026-04-02T15:19:03","modified_gmt":"2026-04-02T13:19:03","slug":"plasticni-krov-za-kosnicu-anel-2","status":"publish","type":"product","link":"https:\/\/anelsrb.com\/prodavnica\/product\/plasticni-krov-za-kosnicu-anel-2\/","title":{"rendered":"ANEL Krov za ko\u0161nice sa PU izolacijom"},"content":{"rendered":"<p>Krov ko\u0161nice sa poliuretanskom ispunom je vrhunski proizvod dizajniran da pru\u017ei optimalnu za\u0161titu i udobnost za p\u010delinje zajednice. Sa dvostrukim zidom i visoko gustom poliuretanskom ispunom, ova ko\u0161nica pru\u017ea izuzetnu izolaciju koja poma\u017ee u odr\u017eavanju stabilnih unutra\u0161njih temperatura tokom svih godi\u0161njih doba.<\/p>\n<p>Ventilacioni otvori s poklopcima omogu\u0107avaju prilago\u0111avanje protoka vazduha prema potrebama p\u010delinje zajednice, pru\u017eaju\u0107i optimalne uslove za njihovu dobrobit. Protivklizna povr\u0161ina spre\u010dava klizanje ko\u0161nica tokom transporta, osiguravaju\u0107i stabilnost i sigurnost u svakoj situaciji.<\/p>\n<p>Zaobljena povr\u0161ina na poklopcu spre\u010dava zadr\u017eavanje blata i vode, \u010duvaju\u0107i ko\u0161nicu \u010distom i suvom \u010dak i u nepovoljnim vremenskim uslovima. Okapnice na krajevima poklopca dodatno \u0161tite od ulaska vode u ko\u0161nicu, \u010dine\u0107i je otpornom na nepredvi\u0111ene elemente.<\/p>\n<p>Ovaj krov je izra\u0111en od 100% novih plasti\u010dnih materijala, bez recikla\u017ee, \u0161to garantuje sigurnost za pakovanje prehrambenih namirnica i pru\u017ea visok nivo higijene u p\u010delarskom procesu. Ukratko, krov ko\u0161nice sa poliuretanskom ispunom predstavlja vrhunski izbor za p\u010delare koji te\u017ee za\u0161tititi i unaprediti svoje p\u010delinje zajednice.<\/p>\n","protected":false},"excerpt":{"rendered":"<p>Dvostruki zid sa ispunjenom izolacijom od poliuretanske pene velike gustine.<br \/>\nVentilacioni otvori sa poklopcima za zatvaranje ili otvaranje po \u017eelji.<br \/>\nProtivklizna povr\u0161ina za spre\u010davanje klizanja ko\u0161nica tokom transporta.<br \/>\nZaobljena povr\u0161ina na poklopcu ne zadr\u017eava blato i vodu.<br \/>\nOkapnice na krajevima poklopca ne dozvoljavaju da voda u\u0111e u ko\u0161nicu.<br \/>\nNapravljena od 100% novih plasti\u010dnih materijala (bez recikla\u017ee) pogodnih za pakovanje prehrambenih namirnica.<\/p>\n","protected":false},"featured_media":2886,"comment_status":"open","ping_status":"closed","template":"","meta":{"site-sidebar-layout":"no-sidebar","site-content-layout":"content-boxed-container","ast-site-content-layout":"normal-width-container","site-content-style":"boxed","site-sidebar-style":"unboxed","ast-global-header-display":"","ast-banner-title-visibility":"","ast-main-header-display":"","ast-hfb-above-header-display":"","ast-hfb-below-header-display":"","ast-hfb-mobile-header-display":"","site-post-title":"disabled","ast-breadcrumbs-content":"","ast-featured-img":"disabled","footer-sml-layout":"","ast-disable-related-posts":"","theme-transparent-header-meta":"default","adv-header-id-meta":"","stick-header-meta":"default","header-above-stick-meta":"","header-main-stick-meta":"","header-below-stick-meta":"","astra-migrate-meta-layouts":"set","ast-page-background-enabled":"default","ast-page-background-meta":{"desktop":{"background-color":"var(--ast-global-color-4)","background-image":"","background-repeat":"repeat","background-position":"center center","background-size":"auto","background-attachment":"scroll","background-type":"","background-media":"","overlay-type":"","overlay-color":"","overlay-opacity":"","overlay-gradient":""},"tablet":{"background-color":"","background-image":"","background-repeat":"repeat","background-position":"center center","background-size":"auto","background-attachment":"scroll","background-type":"","background-media":"","overlay-type":"","overlay-color":"","overlay-opacity":"","overlay-gradient":""},"mobile":{"background-color":"","background-image":"","background-repeat":"repeat","background-position":"center center","background-size":"auto","background-attachment":"scroll","background-type":"","background-media":"","overlay-type":"","overlay-color":"","overlay-opacity":"","overlay-gradient":""}},"ast-content-background-meta":{"desktop":{"background-color":"var(--ast-global-color-5)","background-image":"","background-repeat":"repeat","background-position":"center center","background-size":"auto","background-attachment":"scroll","background-type":"","background-media":"","overlay-type":"","overlay-color":"","overlay-opacity":"","overlay-gradient":""},"tablet":{"background-color":"var(--ast-global-color-5)","background-image":"","background-repeat":"repeat","background-position":"center center","background-size":"auto","background-attachment":"scroll","background-type":"","background-media":"","overlay-type":"","overlay-color":"","overlay-opacity":"","overlay-gradient":""},"mobile":{"background-color":"var(--ast-global-color-5)","background-image":"","background-repeat":"repeat","background-position":"center center","background-size":"auto","background-attachment":"scroll","background-type":"","background-media":"","overlay-type":"","overlay-color":"","overlay-opacity":"","overlay-gradient":""}}},"product_brand":[],"product_cat":[46],"product_tag":[],"class_list":{"0":"post-711","1":"product","2":"type-product","3":"status-publish","4":"has-post-thumbnail","6":"product_cat-anel-plasticni-poklopac-za-kosnice","7":"desktop-align-center","8":"tablet-align-left","9":"mobile-align-left","11":"first","12":"instock","13":"shipping-taxable","14":"purchasable","15":"product-type-simple","16":"add-to-wishlist-after_add_to_cart"},"_links":{"self":[{"href":"https:\/\/anelsrb.com\/prodavnica\/wp-json\/wp\/v2\/product\/711","targetHints":{"allow":["GET"]}}],"collection":[{"href":"https:\/\/anelsrb.com\/prodavnica\/wp-json\/wp\/v2\/product"}],"about":[{"href":"https:\/\/anelsrb.com\/prodavnica\/wp-json\/wp\/v2\/types\/product"}],"replies":[{"embeddable":true,"href":"https:\/\/anelsrb.com\/prodavnica\/wp-json\/wp\/v2\/comments?post=711"}],"wp:featuredmedia":[{"embeddable":true,"href":"https:\/\/anelsrb.com\/prodavnica\/wp-json\/wp\/v2\/media\/2886"}],"wp:attachment":[{"href":"https:\/\/anelsrb.com\/prodavnica\/wp-json\/wp\/v2\/media?parent=711"}],"wp:term":[{"taxonomy":"product_brand","embeddable":true,"href":"https:\/\/anelsrb.com\/prodavnica\/wp-json\/wp\/v2\/product_brand?post=711"},{"taxonomy":"product_cat","embeddable":true,"href":"https:\/\/anelsrb.com\/prodavnica\/wp-json\/wp\/v2\/product_cat?post=711"},{"taxonomy":"product_tag","embeddable":true,"href":"https:\/\/anelsrb.com\/prodavnica\/wp-json\/wp\/v2\/product_tag?post=711"}],"curies":[{"name":"wp","href":"https:\/\/api.w.org\/{rel}","templated":true}]}}