{"id":712,"date":"2022-07-05T17:01:20","date_gmt":"2022-07-05T17:01:20","guid":{"rendered":"https:\/\/anelsrb.com\/prodavnica\/product\/north-booster-1\/"},"modified":"2026-04-16T13:33:02","modified_gmt":"2026-04-16T11:33:02","slug":"plasticna-podnjaca-za-kosnicu-anel","status":"publish","type":"product","link":"https:\/\/anelsrb.com\/prodavnica\/product\/plasticna-podnjaca-za-kosnicu-anel\/","title":{"rendered":"ANEL Plasti\u010dna podnja\u010da za ko\u0161nicu ventilaciona (anti-varoa) (1 set zatvara\u010da leta uklju\u010den)"},"content":{"rendered":"<p>Osnovna verzija podnja\u010de ANEL-a predstavlja sinonim izdr\u017eljivosti i pouzdanosti od svog lansiranja na tr\u017ei\u0161te 1999. godine. Jo\u0161 uvek ostaje neprikosnoveni primer kvaliteta koji ANEL nudi.<\/p>\n<p>Sa sposobno\u0161\u0107u da izdr\u017ei mnoge godine kontinuirane upotrebe bez ikakvih problema, ova podnja\u010da odoleva svim vremenskim prilikama sa lako\u0107om. Njena izdr\u017eljivost se ogleda u otpornosti na udarce, sunce, hladno\u0107u i promene temperature. Bez potrebe za bilo kakvim odr\u017eavanjem ili farbanjem, ova podnja\u010da ostaje u besprekornom stanju godinama.<\/p>\n<p>Osim \u0161to je otporna na spoljne uticaje, ova podnja\u010da pru\u017ea za\u0161titu od termita, insekata, gljivica i drugih mikroorganizama. Uz mogu\u0107nost lako pretvaranja u sakuplja\u010d polena uz pomo\u0107 ANEL seta za sakupljanje polena (Ref.: AN57100), ova podnja\u010da postaje jo\u0161 vi\u0161e funkcionalna i korisna u p\u010delarskom procesu.<\/p>\n<p>Kompatibilna je sa NOVIM ANEL LAKI KLIK VRATIMA (Ref.: AN51004B), \u0161to dodatno unapre\u0111uje njenu prakti\u010dnost i korisnost.<\/p>\n<p>Izra\u0111ena od 100% novih plasti\u010dnih materijala, bez recikla\u017ee, ova podnja\u010da zadovoljava najvi\u0161e standarde higijene i sigurnosti, \u010dine\u0107i je idealnim izborom za p\u010delare koji \u017eele samo najbolje za svoje ko\u0161nice.<\/p>\n","protected":false},"excerpt":{"rendered":"<p>Osnovna verzija podnja\u010de prvi put se pojavila na trzi\u0161te 1999. godine.<br \/>\nIzdr\u017eava mnoge godine kontinuirane upotrebe bez problema i odoleva svim vremenskim prilikama jo\u0161 uvek!<br \/>\nTo je primer ANEL kvaliteta!<br \/>\n&#8211; Otporna na udarce, sunce, hladnoc\u0301u i promenu temperature.<br \/>\n&#8211; Nije potrebno apsolutno nikakvo odr\u017eavanje ili farbanje.<br \/>\n&#8211; Odoleva uticaju termita ili drugih insekata, gljivica ili drugih mikroorganizama.<br \/>\n&#8211; Veoma se lako pretvara u sakuplja\u010d polena. Nabavkom seta za sakupljanje polena (Ref.: AN57100) mo\u017eete pretvoriti svoju ANEL plasti\u010dnu podnja\u010du za ko\u0161nicu u sakuplja\u010d polena kad god po\u017eelite!<br \/>\n&#8211; Mo\u017ee se koristiti sa NOVIM ANEL LAKI KLIK VRATIMA! Ref.: AN51004B<br \/>\n&#8211; Napravljena od 100% novih plasti\u010dnih materijala (bez recikla\u017ee) pogodnih za pakovanje prehrambenih namirnica<\/p>\n","protected":false},"featured_media":2862,"comment_status":"open","ping_status":"closed","template":"","meta":{"site-sidebar-layout":"no-sidebar","site-content-layout":"content-boxed-container","ast-site-content-layout":"normal-width-container","site-content-style":"boxed","site-sidebar-style":"unboxed","ast-global-header-display":"","ast-banner-title-visibility":"","ast-main-header-display":"","ast-hfb-above-header-display":"","ast-hfb-below-header-display":"","ast-hfb-mobile-header-display":"","site-post-title":"disabled","ast-breadcrumbs-content":"","ast-featured-img":"disabled","footer-sml-layout":"","ast-disable-related-posts":"","theme-transparent-header-meta":"default","adv-header-id-meta":"","stick-header-meta":"default","header-above-stick-meta":"","header-main-stick-meta":"","header-below-stick-meta":"","astra-migrate-meta-layouts":"set","ast-page-background-enabled":"default","ast-page-background-meta":{"desktop":{"background-color":"var(--ast-global-color-4)","background-image":"","background-repeat":"repeat","background-position":"center center","background-size":"auto","background-attachment":"scroll","background-type":"","background-media":"","overlay-type":"","overlay-color":"","overlay-opacity":"","overlay-gradient":""},"tablet":{"background-color":"","background-image":"","background-repeat":"repeat","background-position":"center center","background-size":"auto","background-attachment":"scroll","background-type":"","background-media":"","overlay-type":"","overlay-color":"","overlay-opacity":"","overlay-gradient":""},"mobile":{"background-color":"","background-image":"","background-repeat":"repeat","background-position":"center center","background-size":"auto","background-attachment":"scroll","background-type":"","background-media":"","overlay-type":"","overlay-color":"","overlay-opacity":"","overlay-gradient":""}},"ast-content-background-meta":{"desktop":{"background-color":"var(--ast-global-color-5)","background-image":"","background-repeat":"repeat","background-position":"center center","background-size":"auto","background-attachment":"scroll","background-type":"","background-media":"","overlay-type":"","overlay-color":"","overlay-opacity":"","overlay-gradient":""},"tablet":{"background-color":"var(--ast-global-color-5)","background-image":"","background-repeat":"repeat","background-position":"center center","background-size":"auto","background-attachment":"scroll","background-type":"","background-media":"","overlay-type":"","overlay-color":"","overlay-opacity":"","overlay-gradient":""},"mobile":{"background-color":"var(--ast-global-color-5)","background-image":"","background-repeat":"repeat","background-position":"center center","background-size":"auto","background-attachment":"scroll","background-type":"","background-media":"","overlay-type":"","overlay-color":"","overlay-opacity":"","overlay-gradient":""}}},"product_brand":[],"product_cat":[45],"product_tag":[],"class_list":{"0":"post-712","1":"product","2":"type-product","3":"status-publish","4":"has-post-thumbnail","6":"product_cat-anel-plasticna-podnjaca","7":"desktop-align-center","8":"tablet-align-left","9":"mobile-align-left","11":"first","12":"instock","13":"shipping-taxable","14":"purchasable","15":"product-type-simple","16":"add-to-wishlist-after_add_to_cart"},"_links":{"self":[{"href":"https:\/\/anelsrb.com\/prodavnica\/wp-json\/wp\/v2\/product\/712","targetHints":{"allow":["GET"]}}],"collection":[{"href":"https:\/\/anelsrb.com\/prodavnica\/wp-json\/wp\/v2\/product"}],"about":[{"href":"https:\/\/anelsrb.com\/prodavnica\/wp-json\/wp\/v2\/types\/product"}],"replies":[{"embeddable":true,"href":"https:\/\/anelsrb.com\/prodavnica\/wp-json\/wp\/v2\/comments?post=712"}],"wp:featuredmedia":[{"embeddable":true,"href":"https:\/\/anelsrb.com\/prodavnica\/wp-json\/wp\/v2\/media\/2862"}],"wp:attachment":[{"href":"https:\/\/anelsrb.com\/prodavnica\/wp-json\/wp\/v2\/media?parent=712"}],"wp:term":[{"taxonomy":"product_brand","embeddable":true,"href":"https:\/\/anelsrb.com\/prodavnica\/wp-json\/wp\/v2\/product_brand?post=712"},{"taxonomy":"product_cat","embeddable":true,"href":"https:\/\/anelsrb.com\/prodavnica\/wp-json\/wp\/v2\/product_cat?post=712"},{"taxonomy":"product_tag","embeddable":true,"href":"https:\/\/anelsrb.com\/prodavnica\/wp-json\/wp\/v2\/product_tag?post=712"}],"curies":[{"name":"wp","href":"https:\/\/api.w.org\/{rel}","templated":true}]}}